{"id":85,"date":"2022-08-06T16:22:21","date_gmt":"2022-08-06T14:22:21","guid":{"rendered":"https:\/\/friedensquelle.org\/cms\/?page_id=85"},"modified":"2025-04-08T10:26:35","modified_gmt":"2025-04-08T08:26:35","slug":"ueber-mich","status":"publish","type":"page","link":"https:\/\/friedensquelle.org\/cms\/index.php\/ueber-mich\/","title":{"rendered":"\u00dcber mich"},"content":{"rendered":"\n<div class=\"wp-block-media-text alignwide is-stacked-on-mobile\" style=\"grid-template-columns:30% auto\"><figure class=\"wp-block-media-text__media\"><img loading=\"lazy\" decoding=\"async\" width=\"1024\" height=\"1024\" src=\"https:\/\/friedensquelle.org\/cms\/wp-content\/uploads\/2023\/05\/Friedensquelle_Maria-Seifried_Portrait-2_rund_heller_Mai-2023-1024x1024.png\" alt=\"\" class=\"wp-image-674 size-full\" srcset=\"https:\/\/friedensquelle.org\/cms\/wp-content\/uploads\/2023\/05\/Friedensquelle_Maria-Seifried_Portrait-2_rund_heller_Mai-2023-1024x1024.png 1024w, https:\/\/friedensquelle.org\/cms\/wp-content\/uploads\/2023\/05\/Friedensquelle_Maria-Seifried_Portrait-2_rund_heller_Mai-2023-300x300.png 300w, https:\/\/friedensquelle.org\/cms\/wp-content\/uploads\/2023\/05\/Friedensquelle_Maria-Seifried_Portrait-2_rund_heller_Mai-2023-150x150.png 150w, https:\/\/friedensquelle.org\/cms\/wp-content\/uploads\/2023\/05\/Friedensquelle_Maria-Seifried_Portrait-2_rund_heller_Mai-2023-768x768.png 768w, https:\/\/friedensquelle.org\/cms\/wp-content\/uploads\/2023\/05\/Friedensquelle_Maria-Seifried_Portrait-2_rund_heller_Mai-2023-1536x1536.png 1536w, https:\/\/friedensquelle.org\/cms\/wp-content\/uploads\/2023\/05\/Friedensquelle_Maria-Seifried_Portrait-2_rund_heller_Mai-2023-2048x2048.png 2048w\" sizes=\"auto, (max-width: 1024px) 100vw, 1024px\" \/><\/figure><div class=\"wp-block-media-text__content\">\n<p>Ich bin Petra Maria Aldinger-Seifried, geb. 1959 in einem sch\u00f6nen Ort im herrlichen Spessart.<\/p>\n\n\n\n<p>Ich wirke ich als Lebensberaterin, Sprachdozentin und Coach f\u00fcr eine bewusste und wertsch\u00e4tzende Sprache, energetische Heilerin sowie Autorin.  Die Titel meiner B\u00fccher lauten \u201eLabyrinth zum Ziel\u201c, \u201eDer Schleier l\u00fcftet sich\u201c und &#8222;Ich erschaffe mich selbst und lasse mich f\u00fchren&#8220;.<\/p>\n<\/div><\/div>\n\n\n\n<p>Die Grundlage meiner Arbeit sind meine Ausbildungen und meine pers\u00f6nlichen Erfahrungen.<\/p>\n\n\n\n<p>Meine eigene Lebensgeschichte hat mich dazu gebracht, mich mit diesen Themen auseinander zu setzten. Es ist die Kombination dieser Ausbildungen, die mich dahin gebracht haben, wo ich jetzt bin.<\/p>\n\n\n\n<p>Ich begleite Menschen dabei, ihr Leben und ihre Zukunft mit Freude zu gestalten. Gerne unterst\u00fctze ich Dich darin Dich mit Engagement f\u00fcr Deine Gesundheit und Dein Wohlergehen einzusetzen. Dabei spielt die Sprache und die Kommunikation eine gro\u00dfe Rolle. Denn wir alle kommunizieren miteinander. Nicht Kommunizieren ist nicht m\u00f6glich.<\/p>\n\n\n\n<p><em>&#8222;Der Frieden der Welt beginnt bei mir selbst.&#8220;<\/em><br><br>Dieses Zitat hat der Dalai Lama schon vor vielen Jahren in die Welt gebracht. Ich habe mir dieses Zitat zu Herzen genommen und leite Menschen an, dass sie diesen Frieden in sich finden, leben und nach au\u00dfen tragen.<\/p>\n\n\n\n<p>Ich begleite Dich gerne mit meinen verschiedenen Angeboten, aus denen Du frei w\u00e4hlen kannst.<\/p>\n\n\n\n<p>Das sind Einzelstunden im Sprachcoaching, f\u00fcr eine friedvolle und wertsch\u00e4tzende Sprache.<\/p>\n\n\n\n<p>Als weiteres biete ich monatliche Gespr\u00e4chsrunden zu bestimmten Sprachthemen in kleinen Gruppen an. Mit den Teilnehmern betrachte ich allt\u00e4gliche Kommunikationssituationen und zeige sprachliche Alternativen auf.<\/p>\n\n\n\n<p>Du wirst erkennen, dass bereits kleine \u00c4nderungen in der gewohnten Ausdrucksweise eine fantastische Wirkung haben &#8211; bei Dir selbst und in Deinem Umfeld.<\/p>\n\n\n\n<p>Weiterhin biete ich gef\u00fchrte Heilungs- und Reinigungsmeditationen, energetische Heilarbeit und Trauerbew\u00e4ltigung an.<\/p>\n\n\n\n<p>Du erreichst mich mobil unter +49 (0) 172 667 35 04 oder <a href=\"javascript:mdcr('ufcZszzsiegbsrswftFctbwo','')\">info@friedensquelle.org<\/a><\/p>\n\n\n\n<p>Petra Maria Aldinger-Seifried<br><br><a href=\"https:\/\/friedensquelle.org\/cms\/index.php\/die-kraft-der-achtsamen-sprache\/\" data-type=\"URL\" data-id=\"https:\/\/friedensquelle.org\/cms\/index.php\/die-kraft-der-achtsamen-sprache\/\">>>> Hier<\/a> geht es zur Videoserie &#8222;Die Kraft der achtsamen Sprache&#8220;<\/p>\n","protected":false},"excerpt":{"rendered":"<p>Ich bin Petra Maria Aldinger-Seifried, geb. 1959 in einem sch\u00f6nen Ort im herrlichen Spessart. Ich wirke ich als Lebensberaterin, Sprachdozentin und Coach f\u00fcr eine bewusste und wertsch\u00e4tzende Sprache, energetische Heilerin sowie Autorin. Die Titel meiner B\u00fccher lauten \u201eLabyrinth zum Ziel\u201c, \u201eDer Schleier l\u00fcftet sich\u201c und &#8222;Ich erschaffe mich selbst und lasse mich f\u00fchren&#8220;. Die Grundlage [&hellip;]<\/p>\n","protected":false},"author":1,"featured_media":0,"parent":0,"menu_order":3,"comment_status":"closed","ping_status":"closed","template":"","meta":{"footnotes":""},"class_list":["post-85","page","type-page","status-publish","hentry","post"],"_links":{"self":[{"href":"https:\/\/friedensquelle.org\/cms\/index.php\/wp-json\/wp\/v2\/pages\/85","targetHints":{"allow":["GET"]}}],"collection":[{"href":"https:\/\/friedensquelle.org\/cms\/index.php\/wp-json\/wp\/v2\/pages"}],"about":[{"href":"https:\/\/friedensquelle.org\/cms\/index.php\/wp-json\/wp\/v2\/types\/page"}],"author":[{"embeddable":true,"href":"https:\/\/friedensquelle.org\/cms\/index.php\/wp-json\/wp\/v2\/users\/1"}],"replies":[{"embeddable":true,"href":"https:\/\/friedensquelle.org\/cms\/index.php\/wp-json\/wp\/v2\/comments?post=85"}],"version-history":[{"count":16,"href":"https:\/\/friedensquelle.org\/cms\/index.php\/wp-json\/wp\/v2\/pages\/85\/revisions"}],"predecessor-version":[{"id":860,"href":"https:\/\/friedensquelle.org\/cms\/index.php\/wp-json\/wp\/v2\/pages\/85\/revisions\/860"}],"wp:attachment":[{"href":"https:\/\/friedensquelle.org\/cms\/index.php\/wp-json\/wp\/v2\/media?parent=85"}],"curies":[{"name":"wp","href":"https:\/\/api.w.org\/{rel}","templated":true}]}}