{"id":447,"date":"2023-05-16T08:20:39","date_gmt":"2023-05-16T06:20:39","guid":{"rendered":"https:\/\/friedensquelle.org\/cms\/?page_id=447"},"modified":"2023-07-14T11:14:27","modified_gmt":"2023-07-14T09:14:27","slug":"video-5","status":"publish","type":"page","link":"https:\/\/friedensquelle.org\/cms\/index.php\/video-5\/","title":{"rendered":"Modul 4: Drei Satztypen &#038; Wirkung der Sprache auf den Ko\u0308rper"},"content":{"rendered":"<figure class=\"wp-block-embed-youtube wp-block-embed is-type-video is-provider-youtube wp-embed-aspect-16-9 wp-has-aspect-ratio\"><div class=\"lyte-wrapper\" title=\"Modul 4: Drei Satztypen und Wirkung der Sprache auf den Ko\u0308rper\" style=\"width:853px;max-width:100%;margin:5px;\"><div class=\"lyMe hidef\" id=\"WYL_-fIq9MOyVp8\"><div id=\"lyte_-fIq9MOyVp8\" data-src=\"https:\/\/friedensquelle.org\/cms\/wp-content\/plugins\/wp-youtube-lyte\/lyteCache.php?origThumbUrl=https%3A%2F%2Fi.ytimg.com%2Fvi%2F-fIq9MOyVp8%2Fmaxresdefault.jpg\" class=\"pL\"><div class=\"tC\"><div class=\"tT\">Modul 4: Drei Satztypen und Wirkung der Sprache auf den Ko\u0308rper<\/div><\/div><div class=\"play\"><\/div><div class=\"ctrl\"><div class=\"Lctrl\"><\/div><div class=\"Rctrl\"><\/div><\/div><\/div><noscript><a href=\"https:\/\/youtu.be\/-fIq9MOyVp8\" rel=\"nofollow\"><img loading=\"lazy\" decoding=\"async\" src=\"https:\/\/friedensquelle.org\/cms\/wp-content\/plugins\/wp-youtube-lyte\/lyteCache.php?origThumbUrl=https%3A%2F%2Fi.ytimg.com%2Fvi%2F-fIq9MOyVp8%2F0.jpg\" alt=\"Modul 4: Drei Satztypen und Wirkung der Sprache auf den Ko\u0308rper\" width=\"853\" height=\"460\" \/><\/a><\/noscript><\/div><\/div><div class=\"lL\" style=\"max-width:100%;width:853px;margin:5px;\"> <a href=\"https:\/\/youtu.be\/-fIq9MOyVp8\" target=\"_blank\">Dieses Video auf YouTube ansehen<\/a>.<\/div><figcaption><\/figcaption><\/figure>\n\n\n<p><strong>Willkommen zu unserem 4. Modul des Video Kurses:<\/strong><\/p>\n\n\n\n<p><strong>In dem heutigen Modul geht um die Sprache unserer Gesundheit und um klare Strukturen erm\u00f6glichen.<\/strong><\/p>\n\n\n\n<p>Es gibt einige Menschen, die mit unbewussten Sprachgewohnheiten ihrer eigenen Gesundheit schaden. Alles worauf wir unsere Aufmerksamkeit lenken, und das auch immer wieder mit Worten zu uns selbst sagen, verwirklicht sich. Sprache schafft Wirklichkeit und mit Sprache kann ich die Wirklichkeit wandeln. Auch hier gebe ich Dir einige Beispiele zum \u00dcben, um Dich auf einige gepr\u00e4gte Denk- und Sprachmuster aufmerksam zu machen.<\/p>\n\n\n\n<p><strong>Beispiele:<\/strong> Da muss ich mich mal wieder durchbei\u00dfen, ich habe mir den Bauch vollgeschlagen, das macht mich total verr\u00fcckt, ich geh mal wieder auf dem Zahnfleisch, mein Chef nervt mich, das Thema schl\u00e4gt mir auf den Magen, ich bin sauer usw.<\/p>\n\n\n\n<p>Spreche liebevoll mit deinem K\u00f6rper, er wird es Dir mit Gesundheit danken.<br><br><\/p>\n\n\n\n<p><strong>Unser n\u00e4chstes Thema ist: Klare Strukturen erm\u00f6glichen.<\/strong><\/p>\n\n\n\n<p>Hierbei erkl\u00e4re ich Dir die Wirkung der drei Satztypen<strong>.<\/strong> Es gibt einen <strong>Aussagesatz<\/strong>, einen <strong>Aufforderungssatz <\/strong>und einen <strong>Fragesatz<\/strong><\/p>\n\n\n\n<p><strong>Beispiel:<\/strong><br>Marianne schl\u00e4ft noch. Das ist <strong>ein Aussagesatz<\/strong>. Es handelt sich hierbei um Begebenheiten und Aussagen. Es werden Informationen weitergegeben.<\/p>\n\n\n\n<p><strong>Der Aufforderungssatz lautet<\/strong>:<br>Marianne reiche mir bitte den Zucker!<\/p>\n\n\n\n<p><strong>Der Fragesatz lautet<\/strong>:<br>Schl\u00e4ft Marianne noch? Oder; Ist Marianne bereits aufgestanden?<\/p>\n\n\n\n<p>In unserer Gesellschaft gibt es oftmals immer noch ein allgemeines Durcheinander dieser drei Satztypen.<\/p>\n\n\n\n<p><strong>Beispiel:<br>Bestellung im Restaurant<\/strong>:<br>W\u00fcrden sie mir bitte einen Salatteller bringen? Das ist eine Frage.<\/p>\n\n\n\n<p>Bringen sie mir bitte einen Salatteller, das ist eine Aufforderung. Das ist in Ordnung, ich bezahle ja auch f\u00fcr den Salatteller.<\/p>\n\n\n\n<p>Erkenne, wie gro\u00df Dein Nutzen mit einer geordneten Satzstruktur ist. Frage Dich: Welchen Satztyp nutze ich f\u00fcr mein Thema und um was geht es mir?<\/p>\n\n\n\n<p>Ordne Deine S\u00e4tze, bevor Du zu sprechen beginnst. Welcher Satztyp passt hier? Eine klare Satzstruktur bringt Ordnung und Klarheit in Dein Leben.<\/p>\n\n\n\n<p><strong>F\u00fcr dieses Modul rege ich ein weiteres Wohlf\u00fchlwort an: Nutzt Du bereits das Wort \u201esegensreich\u201c?&nbsp; Wenn nicht, bringe es in Deinen Sprachgebrauch ein und erweitere mit diesem Wort Deinen Wortschatz!<\/strong><\/p>\n\n\n\n<p><a href=\"https:\/\/friedensquelle.org\/cms\/wp-content\/uploads\/2023\/05\/Friedensquelle_Maria-Seifried_Achtsame-Sprache_Modul-4_Satztypen-und-Wirkung-auf-Koerper.pdf\" data-type=\"URL\" data-id=\"https:\/\/friedensquelle.org\/cms\/wp-content\/uploads\/2023\/05\/Friedensquelle_Maria-Seifried_Achtsame-Sprache_Modul-4_Satztypen-und-Wirkung-auf-Koerper.pdf\" target=\"_blank\" rel=\"noreferrer noopener\">&gt;&gt;&gt; Download des Textes &amp; des Schaubildes<\/a><\/p>\n\n\n\n<p><\/p>\n\n\n\n<p><strong>Videokurs-Inhalte:<\/strong><br><a href=\"https:\/\/friedensquelle.org\/cms\/index.php\/video-1\/\">Einf\u00fchrung<\/a><br><a href=\"https:\/\/friedensquelle.org\/cms\/index.php\/video-2\/\">Modul 1: Druck &amp; Hetze hinter sich lassen<\/a><br><a href=\"https:\/\/friedensquelle.org\/cms\/index.php\/video-3\/\">Modul 2: Erfolgreich Kontakt herstellen und auf den Punkt kommen<\/a><br><a href=\"https:\/\/friedensquelle.org\/cms\/index.php\/video-4\/\">Modul 3: Umgang mit dem Konjunktiv II und Stummels\u00e4tzen<\/a><br><a href=\"https:\/\/friedensquelle.org\/cms\/index.php\/video-5\/\">Modul 4: Drei Satztypen &amp; Wirkung der Sprache auf den K\u00f6rper<\/a><br><a href=\"https:\/\/friedensquelle.org\/cms\/index.php\/video-6\/\">Modul 5: Aber-Fasten &amp; Negationen meiden<\/a><\/p>\n","protected":false},"excerpt":{"rendered":"<p>Willkommen zu unserem 4. Modul des Video Kurses: In dem heutigen Modul geht um die Sprache unserer Gesundheit und um klare Strukturen erm\u00f6glichen. Es gibt einige Menschen, die mit unbewussten Sprachgewohnheiten ihrer eigenen Gesundheit schaden. Alles worauf wir unsere Aufmerksamkeit lenken, und das auch immer wieder mit Worten zu uns selbst sagen, verwirklicht sich. Sprache [&hellip;]<\/p>\n","protected":false},"author":1,"featured_media":0,"parent":0,"menu_order":0,"comment_status":"closed","ping_status":"closed","template":"","meta":{"footnotes":""},"class_list":["post-447","page","type-page","status-publish","hentry","post"],"_links":{"self":[{"href":"https:\/\/friedensquelle.org\/cms\/index.php\/wp-json\/wp\/v2\/pages\/447","targetHints":{"allow":["GET"]}}],"collection":[{"href":"https:\/\/friedensquelle.org\/cms\/index.php\/wp-json\/wp\/v2\/pages"}],"about":[{"href":"https:\/\/friedensquelle.org\/cms\/index.php\/wp-json\/wp\/v2\/types\/page"}],"author":[{"embeddable":true,"href":"https:\/\/friedensquelle.org\/cms\/index.php\/wp-json\/wp\/v2\/users\/1"}],"replies":[{"embeddable":true,"href":"https:\/\/friedensquelle.org\/cms\/index.php\/wp-json\/wp\/v2\/comments?post=447"}],"version-history":[{"count":11,"href":"https:\/\/friedensquelle.org\/cms\/index.php\/wp-json\/wp\/v2\/pages\/447\/revisions"}],"predecessor-version":[{"id":698,"href":"https:\/\/friedensquelle.org\/cms\/index.php\/wp-json\/wp\/v2\/pages\/447\/revisions\/698"}],"wp:attachment":[{"href":"https:\/\/friedensquelle.org\/cms\/index.php\/wp-json\/wp\/v2\/media?parent=447"}],"curies":[{"name":"wp","href":"https:\/\/api.w.org\/{rel}","templated":true}]}}