{"id":446,"date":"2023-05-16T08:20:39","date_gmt":"2023-05-16T06:20:39","guid":{"rendered":"https:\/\/friedensquelle.org\/cms\/?page_id=446"},"modified":"2023-07-14T11:13:36","modified_gmt":"2023-07-14T09:13:36","slug":"video-4","status":"publish","type":"page","link":"https:\/\/friedensquelle.org\/cms\/index.php\/video-4\/","title":{"rendered":"Modul 3: Umgang mit dem Konjunktiv II und Stummelsa\u0308tzen"},"content":{"rendered":"<div class=\"lyte-wrapper\" title=\"Modul 3: Achtsamer Umgang mit dem Konjunktiv II und Stummelsa\u0308tze\" style=\"width:853px;max-width:100%;margin:5px;\"><div class=\"lyMe hidef\" id=\"WYL_6VNkuxF70ek\"><div id=\"lyte_6VNkuxF70ek\" data-src=\"https:\/\/friedensquelle.org\/cms\/wp-content\/plugins\/wp-youtube-lyte\/lyteCache.php?origThumbUrl=https%3A%2F%2Fi.ytimg.com%2Fvi%2F6VNkuxF70ek%2Fhqdefault.jpg\" class=\"pL\"><div class=\"tC\"><div class=\"tT\">Modul 3: Achtsamer Umgang mit dem Konjunktiv II und Stummelsa\u0308tze<\/div><\/div><div class=\"play\"><\/div><div class=\"ctrl\"><div class=\"Lctrl\"><\/div><div class=\"Rctrl\"><\/div><\/div><\/div><noscript><a href=\"https:\/\/youtu.be\/6VNkuxF70ek\" rel=\"nofollow\"><img loading=\"lazy\" decoding=\"async\" src=\"https:\/\/friedensquelle.org\/cms\/wp-content\/plugins\/wp-youtube-lyte\/lyteCache.php?origThumbUrl=https%3A%2F%2Fi.ytimg.com%2Fvi%2F6VNkuxF70ek%2F0.jpg\" alt=\"Modul 3: Achtsamer Umgang mit dem Konjunktiv II und Stummelsa\u0308tze\" width=\"853\" height=\"460\" \/><\/a><\/noscript><\/div><\/div><div class=\"lL\" style=\"max-width:100%;width:853px;margin:5px;\"> <a href=\"https:\/\/youtu.be\/6VNkuxF70ek\" target=\"_blank\">Dieses Video auf YouTube ansehen<\/a>.<\/div>\n\n\n<p><strong>Willkommen zu unserem 3. Modul des Video-Kurses:<\/strong><\/p>\n\n\n\n<p><strong>Im 1. Modul haben wir das Thema \u201eDruck und Hetze hinter sich lassen und die F\u00fcllw\u00f6rter beleuchtet.<\/strong><\/p>\n\n\n\n<p><strong>Im 2. Modul haben wir dem Bogensatz und den drei AAA\u00b4s unsere Aufmerksamkeit geschenkt-<\/strong><\/p>\n\n\n\n<p><strong>In dem heutigen Modul geht es um Klarheit und Frieden durch achtsame Sprache mit dem Thema: Die eigene Standkraft und das \u201eich\u201c st\u00e4rken.<\/strong><\/p>\n\n\n\n<p>In diesem Modul legen wir ein Augenmerk auf die Grammatik. Du wirst staunen wie viel Grammatik mit Deinem pers\u00f6nlichen Erfolg und Deinem Lebensgl\u00fcck zu tun hat.<br><br>W\u00f6rter sind die Bausteine des Lebens, die Grammatik ist der Bauplan.<\/p>\n\n\n\n<p>Baupl\u00e4ne geben Struktur und Ziele vor. <strong>Satzkonstruktionen mit dem Konjunktiv II mit Worten wie sollte, k\u00f6nnte, h\u00e4tte oder w\u00e4re, bewirken Irreales und Unwirkliches<\/strong>. Sage ab jetzt was Du wirklich willst.<\/p>\n\n\n\n<p><strong>Beispiel<\/strong>:<br>Anstatt: Ich m\u00f6chte gerne ab n\u00e4chsten Montag mit dem Training beginnen, sage: Ich will gerne ab n\u00e4chsten Montag mit dem Training beginnen. Manchmal klingt eine Formulierung mit \u201eich will\u201c zu fordernd. Dann kannst Du das W\u00f6rtchen \u201egerne\u201c einf\u00fcgen. Das ist die sanftere Variante.<\/p>\n\n\n\n<p>Oder: Ich h\u00e4tte Lust am Samstagabend ins Theater zu gehen, sage: Ich gehe am Samstagabend ins Theater, kommst Du mit?<\/p>\n\n\n\n<p>Klare S\u00e4tze bringen Klarheit in Dein Leben!<\/p>\n\n\n\n<p>Sage klar was Du willst und handele zielorientiert. So wirkst Du auf andere selbstbewusst mit einer kraftvollen Ausstrahlung.<\/p>\n\n\n\n<p>Diese klaren S\u00e4tze kannst Du ab sofort bei all Deinen Eink\u00e4ufen oder bei Deinen Bestellungen im Restaurant \u00fcben.<\/p>\n\n\n\n<p><strong>Beispiele:<\/strong><\/p>\n\n\n\n<p>Beim B\u00e4cker:<br>Anstatt: K\u00f6nnen Sie mir bitte das sch\u00f6ne, dunkel gebackene Vollkornbrot geben, sage: Frau\/Herr \u2026, bitte geben Sie mir das sch\u00f6ne, dunkel gebackene Vollkornbrot. Ich danke Ihnen.<\/p>\n\n\n\n<p>Im Restaurant:<br>Anstatt: Ich m\u00f6chte gerne eine Gem\u00fcsesuppe und ein stilles Wasser, sage: Frau\/Herr\u2026, bitte bringen sie mir einen Teller von der leckeren Gem\u00fcsesuppe und ein stilles Wasser. Ich danke Ihnen.<\/p>\n\n\n\n<p>Mit der direkten Ansprache, evtl. sogar mit Namen der Person, zeigst Du der Verk\u00e4uferin\/dem Verk\u00e4ufer oder Bedienung Deine Wertsch\u00e4tzung. So wirst Du meistens daf\u00fcr sogar ein L\u00e4cheln ernten.<\/p>\n\n\n\n<p>Dein Einkaufen kann je nach Deiner inneren Einstellung eine Freude oder eine Last sein. <strong>Viele<\/strong> <strong>Menschen pflegen unbewusst immer weiter ihre alten, gepr\u00e4gten und gewohnten Denk- und Sprachmuster. Diese offenbaren sich in ihrem Umfeld, Privat, im B\u00fcro, beim Telefonieren, beim Einkaufen oder bei der Bestellung im Restaurant<\/strong>.<br><br>Den meisten Menschen ist noch nicht bewusst wie sie zum Beispiel immer wieder die Verk\u00e4uferinnen\/den Verk\u00e4ufer oder Bedienungen ansprechen. Die Verk\u00e4uferin\/der Verk\u00e4ufer oder die Bedienung h\u00f6rt den ganzen Tag nur Stummels\u00e4tze von den Kunden.<\/p>\n\n\n\n<p>Auch hier gibt es Menschen, die sich durch ihre Art zu sprechen zeigen, dass sie zielorientiert, klar und selbstbewusst sind. <strong>Hier ist Deine Chance<\/strong>, dass Du durch sprachliche Wendungen Deinem Leben ab sofort eine Wende gibst. L\u00f6se Dich von fr\u00fcheren Pr\u00e4gungen. Klare, kurze, zielorientierte und vollst\u00e4ndige S\u00e4tze sind Ausdruck eines klaren Geistes und sie formen auch einen klaren Geist.<\/p>\n\n\n\n<p><strong>Weitere \u00dcbungen<\/strong> kannst Du anwenden, wenn Du in einer fremden Stadt nach dem Weg fragst<strong>.<\/strong> Das sind Situationen aus dem t\u00e4glichen Leben. Es kommt darauf an: Wie Du fragst. Dies hat Auswirkung auf die Situation. Und gleichzeitig hat das der Formulierung zugrundeliegende Denken und F\u00fchlen eine Wirkung auf Dein Leben. Wie fragst Du nach dem Weg?<\/p>\n\n\n\n<p>Zum Beispiel: Verzeihung, ich bin fremd hier. Kennen sie sich hier aus? Sagen sie mir bitte wie ich zum Bahnhof komme. (Hier schenkst Du dem Angesprochenen Deine Aufmerksamkeit, Wertsch\u00e4tzung und stellst eine klare Frage.)<\/p>\n\n\n\n<p>Weiter kannst Du am Telefon Deinem Gespr\u00e4chspartner Wertsch\u00e4tzung entgegenbringen, indem Du Dich wie folgt meldest: Guten Tag, ich bin\u2026\u2026<\/p>\n\n\n\n<p>Und noch eine sch\u00f6ne M\u00f6glichkeit, den Menschen Wertsch\u00e4tzung und Aufmerksamkeit zu schenken, besteht darin, dass Du ab sofort ehrlich gemeinte Komplimente gro\u00dfz\u00fcgig verschenkst. Gute Worte, die vom Herzen kommen, tun jedem Menschen gut. Gute Worte sagen hei\u00dft im italienischen \u201ebenedire\u201c. Das bedeutet \u201esegnen\u201c. Streicheln mit W\u00f6rtern.<\/p>\n\n\n\n<p>Kannst Du Komplimente annehmen? Es gibt immer noch Menschen, die ein Kompliment nicht annehmen k\u00f6nnen oder es abwehren.<\/p>\n\n\n\n<p><strong>Ein Abwehren und Abwerten von guten W\u00f6rtern sind auch immer ein Abwehren und Abwerten der eigenen Person. So bleibt die eigene Abwertung der eigenen Person weiter aktiv<\/strong>.<\/p>\n\n\n\n<p>Freu Dich ab sofort \u00fcber Komplimente und bedankt Dich daf\u00fcr.<\/p>\n\n\n\n<p><strong>F\u00fcr dieses Modul rege ich ein weiteres Wohlf\u00fchlwort an: Nutzt Du bereits das Wort \u201egeborgen\u201c?&nbsp; Wenn nicht, bringe es in Deinen Sprachgebrauch ein und erweitere mit diesem Wort Deinen Wortschatz!<\/strong><\/p>\n\n\n\n<p><\/p>\n\n\n\n<p><a href=\"https:\/\/friedensquelle.org\/cms\/wp-content\/uploads\/2023\/05\/Friedensquelle_Maria-Seifried_Achtsame-Sprache_Modul-3_Umgang-mit-dem-Konjunktiv-II-und-Stummelsaetzen.pdf\" data-type=\"URL\" data-id=\"https:\/\/friedensquelle.org\/cms\/wp-content\/uploads\/2023\/05\/Friedensquelle_Maria-Seifried_Achtsame-Sprache_Modul-3_Umgang-mit-dem-Konjunktiv-II-und-Stummelsaetzen.pdf\" target=\"_blank\" rel=\"noreferrer noopener\">&gt;&gt;&gt; Download des Textes &amp; des Schaubildes<\/a><\/p>\n\n\n\n<p><\/p>\n\n\n\n<p><strong>Videokurs-Inhalte:<\/strong><br><a href=\"https:\/\/friedensquelle.org\/cms\/index.php\/video-1\/\">Einf\u00fchrung<\/a><br><a href=\"https:\/\/friedensquelle.org\/cms\/index.php\/video-2\/\">Modul 1: Druck &amp; Hetze hinter sich lassen<\/a><br><a href=\"https:\/\/friedensquelle.org\/cms\/index.php\/video-3\/\">Modul 2: Erfolgreich Kontakt herstellen und auf den Punkt kommen<\/a><br><a href=\"https:\/\/friedensquelle.org\/cms\/index.php\/video-4\/\">Modul 3: Umgang mit dem Konjunktiv II und Stummels\u00e4tzen<\/a><br><a href=\"https:\/\/friedensquelle.org\/cms\/index.php\/video-5\/\">Modul 4: Drei Satztypen &amp; Wirkung der Sprache auf den K\u00f6rper<\/a><br><a href=\"https:\/\/friedensquelle.org\/cms\/index.php\/video-6\/\">Modul 5: Aber-Fasten &amp; Negationen meiden<\/a><\/p>\n","protected":false},"excerpt":{"rendered":"<p>Willkommen zu unserem 3. Modul des Video-Kurses: Im 1. Modul haben wir das Thema \u201eDruck und Hetze hinter sich lassen und die F\u00fcllw\u00f6rter beleuchtet. Im 2. Modul haben wir dem Bogensatz und den drei AAA\u00b4s unsere Aufmerksamkeit geschenkt- In dem heutigen Modul geht es um Klarheit und Frieden durch achtsame Sprache mit dem Thema: Die [&hellip;]<\/p>\n","protected":false},"author":1,"featured_media":0,"parent":0,"menu_order":0,"comment_status":"closed","ping_status":"closed","template":"","meta":{"footnotes":""},"class_list":["post-446","page","type-page","status-publish","hentry","post"],"_links":{"self":[{"href":"https:\/\/friedensquelle.org\/cms\/index.php\/wp-json\/wp\/v2\/pages\/446","targetHints":{"allow":["GET"]}}],"collection":[{"href":"https:\/\/friedensquelle.org\/cms\/index.php\/wp-json\/wp\/v2\/pages"}],"about":[{"href":"https:\/\/friedensquelle.org\/cms\/index.php\/wp-json\/wp\/v2\/types\/page"}],"author":[{"embeddable":true,"href":"https:\/\/friedensquelle.org\/cms\/index.php\/wp-json\/wp\/v2\/users\/1"}],"replies":[{"embeddable":true,"href":"https:\/\/friedensquelle.org\/cms\/index.php\/wp-json\/wp\/v2\/comments?post=446"}],"version-history":[{"count":12,"href":"https:\/\/friedensquelle.org\/cms\/index.php\/wp-json\/wp\/v2\/pages\/446\/revisions"}],"predecessor-version":[{"id":711,"href":"https:\/\/friedensquelle.org\/cms\/index.php\/wp-json\/wp\/v2\/pages\/446\/revisions\/711"}],"wp:attachment":[{"href":"https:\/\/friedensquelle.org\/cms\/index.php\/wp-json\/wp\/v2\/media?parent=446"}],"curies":[{"name":"wp","href":"https:\/\/api.w.org\/{rel}","templated":true}]}}