{"id":445,"date":"2023-05-16T08:20:38","date_gmt":"2023-05-16T06:20:38","guid":{"rendered":"https:\/\/friedensquelle.org\/cms\/?page_id=445"},"modified":"2023-07-14T11:12:31","modified_gmt":"2023-07-14T09:12:31","slug":"video-3","status":"publish","type":"page","link":"https:\/\/friedensquelle.org\/cms\/index.php\/video-3\/","title":{"rendered":"Modul 2: Erfolgreich Kontakt herstellen und auf den Punkt kommen"},"content":{"rendered":"<div class=\"lyte-wrapper\" title=\"Modul 2: Erfolgreich Kontakt herstellen und auf den Punkt kommen\" style=\"width:853px;max-width:100%;margin:5px;\"><div class=\"lyMe hidef\" id=\"WYL_rtPTdzAbS9k\"><div id=\"lyte_rtPTdzAbS9k\" data-src=\"https:\/\/friedensquelle.org\/cms\/wp-content\/plugins\/wp-youtube-lyte\/lyteCache.php?origThumbUrl=https%3A%2F%2Fi.ytimg.com%2Fvi%2FrtPTdzAbS9k%2Fmaxresdefault.jpg\" class=\"pL\"><div class=\"tC\"><div class=\"tT\">Modul 2: Erfolgreich Kontakt herstellen und auf den Punkt kommen<\/div><\/div><div class=\"play\"><\/div><div class=\"ctrl\"><div class=\"Lctrl\"><\/div><div class=\"Rctrl\"><\/div><\/div><\/div><noscript><a href=\"https:\/\/youtu.be\/rtPTdzAbS9k\" rel=\"nofollow\"><img loading=\"lazy\" decoding=\"async\" src=\"https:\/\/friedensquelle.org\/cms\/wp-content\/plugins\/wp-youtube-lyte\/lyteCache.php?origThumbUrl=https%3A%2F%2Fi.ytimg.com%2Fvi%2FrtPTdzAbS9k%2F0.jpg\" alt=\"Modul 2: Erfolgreich Kontakt herstellen und auf den Punkt kommen\" width=\"853\" height=\"460\" \/><\/a><\/noscript><\/div><\/div><div class=\"lL\" style=\"max-width:100%;width:853px;margin:5px;\"> <a href=\"https:\/\/youtu.be\/rtPTdzAbS9k\" target=\"_blank\">Dieses Video auf YouTube ansehen<\/a>.<\/div>\n\n\n<p><strong>Willkommen zu unserem 2. Modul des Video-Kurses:<\/strong><\/p>\n\n\n\n<p><strong>Im letzten Modul haben wir uns dem Thema \u201eDruck und Hetzte\u201c hinter sich lassen, sowie den F\u00fcllw\u00f6rtern gewidmet.<\/strong><\/p>\n\n\n\n<p><strong>In dem heutigen Modul geht es um Klarheit und Frieden durch achtsame Sprache mit dem Thema: Erfolgreich Kontakt herstellen und auf den Punkt kommen<\/strong><\/p>\n\n\n\n<p>Zuerst mache ich Dich nochmals sensibel f\u00fcr das oft verwendete F\u00fcllwort <strong>\u201eman\u201c<\/strong>.<\/p>\n\n\n\n<p>Mit der Nutzung des W\u00f6rtchens \u201eman\u201c wirkst Du gegen\u00fcber Deinen Gespr\u00e4chspartnern unsicher und inkompetent. So kann Dein Umfeld \u00fcber Dich bestimmen. Du versteckst Dich mit dem W\u00f6rtchen \u201eman\u201c hinter der Allgemeinheit. Deine S\u00e4tze bleiben wirkungslos. Du hast Hemmungen, Deine eigene Position zu entwickeln. Nehme Deine Stellung ein und spreche mit \u201eich\u201c von Dir. Zitierst oder sprichst Du von anderen Menschen, dann nenne sie beim Namen. So schenkst Du diesen Menschen Deine Wertsch\u00e4tzung. Das hat Auswirkungen auf Dich und die anderen Personen.<\/p>\n\n\n\n<p>So kannst Du diese Anregung am besten f\u00fcr Dich \u00fcben: Nimm in Deinen Gespr\u00e4chen erst einmal das W\u00f6rtchen \u201eman\u201c bei den anderen wahr. \u00dcbersetzte \u201eman\u201c in Deinem Inneren f\u00fcr Dich und gib der Person einen Namen. Achte auch bei den eingehenden E-Mails auf den h\u00e4ufigen Gebrauch dieses W\u00f6rtchens. Danach wirst Du am besten erkennen, was der Gebrauch dieses W\u00f6rtchens \u201eman\u201c in unserer Sprache ausl\u00f6st.<\/p>\n\n\n\n<p>Das Weglassen des W\u00f6rtchens \u201eman\u201c bewirkt ein gro\u00dfes Umdenken, entsprechend gro\u00df ist die Wirkung. Probiere es aus und bleib in Deiner \u00dcbung!<\/p>\n\n\n\n<p><strong>Erfolgreich Kontakt herstellen; die drei AAA<\/strong>.<\/p>\n\n\n\n<p>Das 1. <strong>A<\/strong> steht f\u00fcr <strong>Ansprechen mit dem Namen<\/strong><\/p>\n\n\n\n<p>Das 2. <strong>A<\/strong> steht f\u00fcr <strong>Anschauen <\/strong>(ich nehme Augenkontakt auf)<\/p>\n\n\n\n<p>Das 3. <strong>A <\/strong>steht f\u00fcr <strong>einen kurzen Atemzug <\/strong>(atmen und dabei eine kleine Pause machen)<\/p>\n\n\n\n<p>Wenn Du diese \u201edrei A\u00b4s) bei jeder Deiner Kontaktaufnahmen einh\u00e4ltst, wirst du ab sofort die volle Aufmerksamkeit deines Gespr\u00e4chspartners haben. Probiere es aus.<\/p>\n\n\n\n<p>Hier kannst Du am besten von den Kindern lernen. Sie sprechen solange die Person mit Namen an und schauen sie an, bis sie ihr Ziel erreicht haben.<\/p>\n\n\n\n<p>\u00dcbe Dich in Deinem Privatleben oder im B\u00fcro, immer die Person mit Namen anzusprechen und den Kontakt mit dem Augen herzustellen. Dann hast Du die volle Aufmerksamkeit von deinem Gespr\u00e4chspartner. Dein Auftrag, deine Erz\u00e4hlung oder deine Frage kommt beim Angesprochenen an. Das zeigt Wertsch\u00e4tzung und der Angesprochene f\u00fchlt sich geehrt.<\/p>\n\n\n\n<p><strong>Bogens\u00e4tze: <\/strong>Bogens\u00e4tze haben eine Satzmelodie. Sie beginnen am Satzanfang mit der Stimme unten, machen einen kleinen Stimmungsbogen und kommen am Ende mit der Stimme wieder unten an. Bogens\u00e4tze sind klare, kurze S\u00e4tze und kommen am Ende auf den Punkt. &nbsp;Sie bringen Ruhe und Ordnung in Dein Leben. Der Angesprochene kann Dir folgen und sich ein Bild von dem Gesprochenen machen. Die Handlungen haben einen Anfang, eine Mitte und ein Ende. So bringst Du in der Sprache, wie auch in Deinem Leben, deine Dinge zu Ende. Bogens\u00e4tze f\u00f6rdern Dich zu einer aufrechten Haltung und einer freien Atmung. Und Du verringerst in dem bewussten Anwenden von kurzen S\u00e4tzen gleichzeitig Dein Sprechtempo. Der \u201ekleine\u201c Bogen in Deinem Satz und das kurze Innehalten nach einer Aussage entsprechen dem Rhythmus in Deinem Leben. Er bringt Dir gleichzeitig Aktivit\u00e4t und Ruhe. Nur wer inneh\u00e4lt kann nach einer Phase des Handelns auch reife Fr\u00fcchte ernten. Und wieder geht\u2019s an \u00dcben\u2026<\/p>\n\n\n\n<p><strong>Beispiele: <\/strong><br>&nbsp;&nbsp;&nbsp;&nbsp;&nbsp;&nbsp;&nbsp;&nbsp;&nbsp;&nbsp;&nbsp;&nbsp;&nbsp;&nbsp;&nbsp;&nbsp;&nbsp;&nbsp; Vor mir f\u00e4hrt ein rotes Auto\u2026<\/p>\n\n\n\n<p>&nbsp;&nbsp;&nbsp;&nbsp;&nbsp;&nbsp;&nbsp;&nbsp;&nbsp;&nbsp;&nbsp;&nbsp;&nbsp;&nbsp;&nbsp;&nbsp;&nbsp;&nbsp; Ich b\u00fcgele meine W\u00e4sche\u2026.<\/p>\n\n\n\n<p>&nbsp; &nbsp;&nbsp;&nbsp;&nbsp;&nbsp;&nbsp;&nbsp;&nbsp;&nbsp;&nbsp;&nbsp;&nbsp;&nbsp;&nbsp;&nbsp;&nbsp;&nbsp;Ich koche mit viel Freude unser Mittagessen\u2026.<\/p>\n\n\n\n<p><strong>F\u00fcr dieses Modul rege ich ein weiteres Wohlf\u00fchlwort an: Nutzt Du bereits das Wort \u201eliebevoll\u201c?&nbsp; Wenn nicht, bringe es in Deinen Sprachgebrauch ein und erweitere mit diesem Wort Deinen Wortschatz!<\/strong><\/p>\n\n\n\n<p><a rel=\"noreferrer noopener\" href=\"https:\/\/friedensquelle.org\/cms\/wp-content\/uploads\/2023\/05\/Friedensquelle_Maria-Seifried_Achtsame-Sprache_Modul-2_Kontakt-herstellen.pdf\" data-type=\"URL\" data-id=\"https:\/\/friedensquelle.org\/cms\/wp-content\/uploads\/2023\/05\/Friedensquelle_Maria-Seifried_Achtsame-Sprache_Modul-2_Kontakt-herstellen.pdf\" target=\"_blank\">&gt;&gt;&gt; Download des Textes &amp; des Schaubildes<\/a><\/p>\n\n\n\n<p><\/p>\n\n\n\n<p><strong>Videokurs-Inhalte:<\/strong><br><a href=\"https:\/\/friedensquelle.org\/cms\/index.php\/video-1\/\">Einf\u00fchrung<\/a><br><a href=\"https:\/\/friedensquelle.org\/cms\/index.php\/video-2\/\">Modul 1: Druck &amp; Hetze hinter sich lassen<\/a><br><a href=\"https:\/\/friedensquelle.org\/cms\/index.php\/video-3\/\">Modul 2: Erfolgreich Kontakt herstellen und auf den Punkt kommen<\/a><br><a href=\"https:\/\/friedensquelle.org\/cms\/index.php\/video-4\/\">Modul 3: Umgang mit dem Konjunktiv II und Stummels\u00e4tzen<\/a><br><a href=\"https:\/\/friedensquelle.org\/cms\/index.php\/video-5\/\">Modul 4: Drei Satztypen &amp; Wirkung der Sprache auf den K\u00f6rper<\/a><br><a href=\"https:\/\/friedensquelle.org\/cms\/index.php\/video-6\/\">Modul 5: Aber-Fasten &amp; Negationen meiden<\/a><\/p>\n","protected":false},"excerpt":{"rendered":"<p>Willkommen zu unserem 2. Modul des Video-Kurses: Im letzten Modul haben wir uns dem Thema \u201eDruck und Hetzte\u201c hinter sich lassen, sowie den F\u00fcllw\u00f6rtern gewidmet. In dem heutigen Modul geht es um Klarheit und Frieden durch achtsame Sprache mit dem Thema: Erfolgreich Kontakt herstellen und auf den Punkt kommen Zuerst mache ich Dich nochmals sensibel [&hellip;]<\/p>\n","protected":false},"author":1,"featured_media":0,"parent":0,"menu_order":0,"comment_status":"closed","ping_status":"closed","template":"","meta":{"footnotes":""},"class_list":["post-445","page","type-page","status-publish","hentry","post"],"_links":{"self":[{"href":"https:\/\/friedensquelle.org\/cms\/index.php\/wp-json\/wp\/v2\/pages\/445","targetHints":{"allow":["GET"]}}],"collection":[{"href":"https:\/\/friedensquelle.org\/cms\/index.php\/wp-json\/wp\/v2\/pages"}],"about":[{"href":"https:\/\/friedensquelle.org\/cms\/index.php\/wp-json\/wp\/v2\/types\/page"}],"author":[{"embeddable":true,"href":"https:\/\/friedensquelle.org\/cms\/index.php\/wp-json\/wp\/v2\/users\/1"}],"replies":[{"embeddable":true,"href":"https:\/\/friedensquelle.org\/cms\/index.php\/wp-json\/wp\/v2\/comments?post=445"}],"version-history":[{"count":10,"href":"https:\/\/friedensquelle.org\/cms\/index.php\/wp-json\/wp\/v2\/pages\/445\/revisions"}],"predecessor-version":[{"id":710,"href":"https:\/\/friedensquelle.org\/cms\/index.php\/wp-json\/wp\/v2\/pages\/445\/revisions\/710"}],"wp:attachment":[{"href":"https:\/\/friedensquelle.org\/cms\/index.php\/wp-json\/wp\/v2\/media?parent=445"}],"curies":[{"name":"wp","href":"https:\/\/api.w.org\/{rel}","templated":true}]}}