{"id":443,"date":"2023-05-15T23:52:38","date_gmt":"2023-05-15T21:52:38","guid":{"rendered":"https:\/\/friedensquelle.org\/cms\/?page_id=443"},"modified":"2023-07-14T11:03:54","modified_gmt":"2023-07-14T09:03:54","slug":"video-1","status":"publish","type":"page","link":"https:\/\/friedensquelle.org\/cms\/index.php\/video-1\/","title":{"rendered":"Einf\u00fchrung"},"content":{"rendered":"<p>\u00a0<\/p>\n<div class=\"lyte-wrapper\" title=\"Einfu\u0308hrung: Die Kraft der achtsamen Sprache\" style=\"width:853px;max-width:100%;margin:5px;\"><div class=\"lyMe hidef\" id=\"WYL_-94SV6skaRY\"><div id=\"lyte_-94SV6skaRY\" data-src=\"https:\/\/friedensquelle.org\/cms\/wp-content\/plugins\/wp-youtube-lyte\/lyteCache.php?origThumbUrl=https%3A%2F%2Fi.ytimg.com%2Fvi%2F-94SV6skaRY%2Fmaxresdefault.jpg\" class=\"pL\"><div class=\"tC\"><div class=\"tT\">Einfu\u0308hrung: Die Kraft der achtsamen Sprache<\/div><\/div><div class=\"play\"><\/div><div class=\"ctrl\"><div class=\"Lctrl\"><\/div><div class=\"Rctrl\"><\/div><\/div><\/div><noscript><a href=\"https:\/\/youtu.be\/-94SV6skaRY\" rel=\"nofollow\"><img loading=\"lazy\" decoding=\"async\" src=\"https:\/\/friedensquelle.org\/cms\/wp-content\/plugins\/wp-youtube-lyte\/lyteCache.php?origThumbUrl=https%3A%2F%2Fi.ytimg.com%2Fvi%2F-94SV6skaRY%2F0.jpg\" alt=\"Einfu\u0308hrung: Die Kraft der achtsamen Sprache\" width=\"853\" height=\"460\" \/><\/a><\/noscript><\/div><\/div><div class=\"lL\" style=\"max-width:100%;width:853px;margin:5px;\"> <a href=\"https:\/\/youtu.be\/-94SV6skaRY\" target=\"_blank\">Dieses Video auf YouTube ansehen<\/a>.<\/div><\/p>\n\n\n<p>In meiner Ausbildung zur Dozentin f\u00fcr eine bewusste und wertsch\u00e4tzende Sprache bei dem LINGVA ETRNA Sprachinstitut in N\u00fcrnberg ist mir vieles \u00fcber unsere Sprache bewusst geworden. Ich habe erkannt, welche Kraft unsere Sprache und welche M\u00f6glichkeiten wir damit haben, wenn wir sie bewusst nutzten. <br><br>Es gibt eine Sprache die aufbaut und guttut und eine Sprache, die Kraft kostet und anstrengend ist. Mit unserem Denken und Sprechen, die miteinander verkn\u00fcpft sind, erschaffen wir unsere Wirklichkeit. Und ebenso k\u00f6nnen wir damit auch unsere Wirklichkeit wandeln. Mit diesem kraftvollen Werkzeug der Sprache, k\u00f6nnen wir zum Sch\u00f6pfer\/Sch\u00f6pferin unserer Realit\u00e4t werden.<\/p>\n\n\n\n<p>Wir haben unsere Sprache von unseren Eltern und unserem Umfeld gelernt. Dementsprechend sind wir gepr\u00e4gt. Oftmals ist uns gar nicht bewusst, mit welchem Wortschatz, Satzkonstruktionen bzw. Sprachfloskeln wir unterwegs sind.<\/p>\n\n\n\n<p>Mich pers\u00f6nlich haben die Ausbildung und die Wirkung der Wandlung meiner Sprache so beeindruckt, dass ich diese Kunst gerne mit vielen Menschen teile.<\/p>\n\n\n\n<p>Das was ich hier in den folgenden f\u00fcnf Modulen vermittele, ist nur ein kleiner Teil von dem, was unsere Sprache alles kann. Doch es ist ein wertvoller Einstieg.<\/p>\n\n\n\n<p>Ich w\u00fcnsche mir, dass dieses gro\u00dfartige Werkzeug der Sprache, welches wir von unserem Sch\u00f6pfer, f\u00fcr unser Leben mitbekommen haben, neu erkannt und wertsch\u00e4tzend eingesetzt wird. So k\u00f6nnen wir alle zum Wohle von uns selbst und zum Wohle der Gesellschaft dieses Werkzeug erfolgreich einsetzen.<\/p>\n\n\n\n<p>Ich teile den nachstehenden Text, den ich in unserer Ausbildung bekommen habe, gerne mit Dir. <br><\/p>\n\n\n\n<p><strong>Die Zukunft geh\u00f6rt Dir:<\/strong><\/p>\n\n\n\n<p><em>Achte auf Deine Gedanken, <br>               denn sie werden W\u00f6rter.<\/em><\/p>\n\n\n\n<p><em>Achte auf Deine W\u00f6rter,<br>               sie werden Taten.<\/em><\/p>\n\n\n\n<p><em>Achte auf Deine Taten,<br>               denn sie werden Gewohnheiten, <\/em><\/p>\n\n\n\n<p><em>Achte auf Deine Gewohnheiten,<br>               denn sie werden Dein Charakter,<\/em><\/p>\n\n\n\n<p><em>Achte auf Deinen Charakter,<br>               denn er wird Dein Schicksal<\/em><br><sub>(Quelle unbekannt)<\/sub><br><\/p>\n\n\n\n<p><br><em>Es ist nicht genug zu wissen, Ich \u201emuss\u201c, auch wollen.<\/em><br><em>Es ist nicht genug zu wollen, Ich \u201emuss\u201c es auch tun.&nbsp;&nbsp;&nbsp;&nbsp; <\/em><br><sub>(nach W. A. Gothe)<\/sub><\/p>\n\n\n\n<p><a rel=\"noreferrer noopener\" href=\"https:\/\/friedensquelle.org\/cms\/wp-content\/uploads\/2023\/05\/Friedensquelle_Maria-Seifried_Achtsame-Sprache_Einfuehrung.pdf\" data-type=\"URL\" data-id=\"https:\/\/friedensquelle.org\/cms\/wp-content\/uploads\/2023\/05\/Friedensquelle_Maria-Seifried_Achtsame-Sprache_Einfuehrung.pdf\" target=\"_blank\">&gt;&gt;&gt; Download des Textes &amp; des Schaubildes<\/a><\/p>\n\n\n\n<p><\/p>\n\n\n\n<p><strong>Videokurs-Inhalte:<\/strong><br><a href=\"https:\/\/friedensquelle.org\/cms\/index.php\/video-1\/\">Einf\u00fchrung<\/a><br><a href=\"https:\/\/friedensquelle.org\/cms\/index.php\/video-2\/\">Modul 1: Druck &amp; Hetze hinter sich lassen<\/a><br><a href=\"https:\/\/friedensquelle.org\/cms\/index.php\/video-3\/\">Modul 2: Erfolgreich Kontakt herstellen und auf den Punkt kommen<\/a><br><a href=\"https:\/\/friedensquelle.org\/cms\/index.php\/video-4\/\">Modul 3: Umgang mit dem Konjunktiv II und Stummels\u00e4tzen<\/a><br><a href=\"https:\/\/friedensquelle.org\/cms\/index.php\/video-5\/\">Modul 4: Drei Satztypen &amp; Wirkung der Sprache auf den K\u00f6rper<\/a><br><a href=\"https:\/\/friedensquelle.org\/cms\/index.php\/video-6\/\">Modul 5: Aber-Fasten &amp; Negationen meiden<\/a><\/p>\n","protected":false},"excerpt":{"rendered":"<p>\u00a0 In meiner Ausbildung zur Dozentin f\u00fcr eine bewusste und wertsch\u00e4tzende Sprache bei dem LINGVA ETRNA Sprachinstitut in N\u00fcrnberg ist mir vieles \u00fcber unsere Sprache bewusst geworden. Ich habe erkannt, welche Kraft unsere Sprache und welche M\u00f6glichkeiten wir damit haben, wenn wir sie bewusst nutzten. Es gibt eine Sprache die aufbaut und guttut und eine [&hellip;]<\/p>\n","protected":false},"author":1,"featured_media":0,"parent":0,"menu_order":0,"comment_status":"closed","ping_status":"closed","template":"","meta":{"footnotes":""},"class_list":["post-443","page","type-page","status-publish","hentry","post"],"_links":{"self":[{"href":"https:\/\/friedensquelle.org\/cms\/index.php\/wp-json\/wp\/v2\/pages\/443","targetHints":{"allow":["GET"]}}],"collection":[{"href":"https:\/\/friedensquelle.org\/cms\/index.php\/wp-json\/wp\/v2\/pages"}],"about":[{"href":"https:\/\/friedensquelle.org\/cms\/index.php\/wp-json\/wp\/v2\/types\/page"}],"author":[{"embeddable":true,"href":"https:\/\/friedensquelle.org\/cms\/index.php\/wp-json\/wp\/v2\/users\/1"}],"replies":[{"embeddable":true,"href":"https:\/\/friedensquelle.org\/cms\/index.php\/wp-json\/wp\/v2\/comments?post=443"}],"version-history":[{"count":15,"href":"https:\/\/friedensquelle.org\/cms\/index.php\/wp-json\/wp\/v2\/pages\/443\/revisions"}],"predecessor-version":[{"id":704,"href":"https:\/\/friedensquelle.org\/cms\/index.php\/wp-json\/wp\/v2\/pages\/443\/revisions\/704"}],"wp:attachment":[{"href":"https:\/\/friedensquelle.org\/cms\/index.php\/wp-json\/wp\/v2\/media?parent=443"}],"curies":[{"name":"wp","href":"https:\/\/api.w.org\/{rel}","templated":true}]}}