{"id":442,"date":"2023-05-16T08:20:38","date_gmt":"2023-05-16T06:20:38","guid":{"rendered":"https:\/\/friedensquelle.org\/cms\/?page_id=442"},"modified":"2025-04-08T10:27:15","modified_gmt":"2025-04-08T08:27:15","slug":"die-kraft-der-achtsamen-sprache","status":"publish","type":"page","link":"https:\/\/friedensquelle.org\/cms\/index.php\/die-kraft-der-achtsamen-sprache\/","title":{"rendered":"Die Kraft der achtsamen Sprache"},"content":{"rendered":"\n<p>Klarheit, Souver\u00e4nit\u00e4t, Verbundenheit und mehr Lebensfreude &#8211; dies sind nur einige Aspekte, die die bewusste Anwendung von achtsamer Sprache bewirkt. In diesem Kurs mit sechs Videos (Dauer je Video ca. 10 Min.) erf\u00e4hrst Du wie Du ganz einfach die Kraft der achtsame Sprache f\u00fcr Dein Leben nutzen kannst. <br><br>Zu jedem Video gibt es die M\u00f6glichkeit den Erkl\u00e4rungstext sowie die im Video gezeigten Schaubilder kostenfrei herunterzuladen. <br><br><a href=\"https:\/\/friedensquelle.org\/cms\/index.php\/video-1\/\" data-type=\"URL\" data-id=\"https:\/\/friedensquelle.org\/cms\/index.php\/video-1\/\">Einf\u00fchrung<\/a><br><a href=\"https:\/\/friedensquelle.org\/cms\/index.php\/video-2\/\" data-type=\"URL\" data-id=\"https:\/\/friedensquelle.org\/cms\/index.php\/video-2\/\">Modul 1: Druck &amp; Hetze hinter sich lassen<\/a><br><a href=\"https:\/\/friedensquelle.org\/cms\/index.php\/video-3\/\" data-type=\"URL\" data-id=\"https:\/\/friedensquelle.org\/cms\/index.php\/video-3\/\">Modul 2: Erfolgreich Kontakt herstellen und auf den Punkt kommen<\/a><br><a href=\"https:\/\/friedensquelle.org\/cms\/index.php\/video-4\/\" data-type=\"URL\" data-id=\"https:\/\/friedensquelle.org\/cms\/index.php\/video-4\/\">Modul 3: Umgang mit dem Konjunktiv II und Stummels\u00e4tzen<\/a><br><a href=\"https:\/\/friedensquelle.org\/cms\/index.php\/video-5\/\" data-type=\"URL\" data-id=\"https:\/\/friedensquelle.org\/cms\/index.php\/video-5\/\">Modul 4: Drei Satztypen &amp; Wirkung der Sprache auf den K\u00f6rper<\/a><br><a href=\"https:\/\/friedensquelle.org\/cms\/index.php\/video-6\/\" data-type=\"URL\" data-id=\"https:\/\/friedensquelle.org\/cms\/index.php\/video-6\/\">Modul 5: Aber-Fasten &amp; Negationen meiden<\/a><\/p>\n\n\n\n<p>Ich w\u00fcnsche Dir viel Freude beim Schauen der Videos und beim Einbinden der achtsamen Sprache in Deinen Alltag.<br><br>Deine Petra Maria Aldinger-Seifried<\/p>\n\n\n\n<figure class=\"wp-block-image size-large is-resized\"><img loading=\"lazy\" decoding=\"async\" width=\"1024\" height=\"1024\" src=\"https:\/\/friedensquelle.org\/cms\/wp-content\/uploads\/2023\/05\/Friedensquelle_Maria-Seifried_Portrait-2_rund_heller_Mai-2023-1024x1024.png\" alt=\"\" class=\"wp-image-674\" style=\"width:203px;height:203px\" srcset=\"https:\/\/friedensquelle.org\/cms\/wp-content\/uploads\/2023\/05\/Friedensquelle_Maria-Seifried_Portrait-2_rund_heller_Mai-2023-1024x1024.png 1024w, https:\/\/friedensquelle.org\/cms\/wp-content\/uploads\/2023\/05\/Friedensquelle_Maria-Seifried_Portrait-2_rund_heller_Mai-2023-300x300.png 300w, https:\/\/friedensquelle.org\/cms\/wp-content\/uploads\/2023\/05\/Friedensquelle_Maria-Seifried_Portrait-2_rund_heller_Mai-2023-150x150.png 150w, https:\/\/friedensquelle.org\/cms\/wp-content\/uploads\/2023\/05\/Friedensquelle_Maria-Seifried_Portrait-2_rund_heller_Mai-2023-768x768.png 768w, https:\/\/friedensquelle.org\/cms\/wp-content\/uploads\/2023\/05\/Friedensquelle_Maria-Seifried_Portrait-2_rund_heller_Mai-2023-1536x1536.png 1536w, https:\/\/friedensquelle.org\/cms\/wp-content\/uploads\/2023\/05\/Friedensquelle_Maria-Seifried_Portrait-2_rund_heller_Mai-2023-2048x2048.png 2048w\" sizes=\"auto, (max-width: 1024px) 100vw, 1024px\" \/><\/figure>\n","protected":false},"excerpt":{"rendered":"<p>Klarheit, Souver\u00e4nit\u00e4t, Verbundenheit und mehr Lebensfreude &#8211; dies sind nur einige Aspekte, die die bewusste Anwendung von achtsamer Sprache bewirkt. In diesem Kurs mit sechs Videos (Dauer je Video ca. 10 Min.) erf\u00e4hrst Du wie Du ganz einfach die Kraft der achtsame Sprache f\u00fcr Dein Leben nutzen kannst. Zu jedem Video gibt es die M\u00f6glichkeit [&hellip;]<\/p>\n","protected":false},"author":1,"featured_media":0,"parent":0,"menu_order":0,"comment_status":"closed","ping_status":"closed","template":"","meta":{"footnotes":""},"class_list":["post-442","page","type-page","status-publish","hentry","post"],"_links":{"self":[{"href":"https:\/\/friedensquelle.org\/cms\/index.php\/wp-json\/wp\/v2\/pages\/442","targetHints":{"allow":["GET"]}}],"collection":[{"href":"https:\/\/friedensquelle.org\/cms\/index.php\/wp-json\/wp\/v2\/pages"}],"about":[{"href":"https:\/\/friedensquelle.org\/cms\/index.php\/wp-json\/wp\/v2\/types\/page"}],"author":[{"embeddable":true,"href":"https:\/\/friedensquelle.org\/cms\/index.php\/wp-json\/wp\/v2\/users\/1"}],"replies":[{"embeddable":true,"href":"https:\/\/friedensquelle.org\/cms\/index.php\/wp-json\/wp\/v2\/comments?post=442"}],"version-history":[{"count":15,"href":"https:\/\/friedensquelle.org\/cms\/index.php\/wp-json\/wp\/v2\/pages\/442\/revisions"}],"predecessor-version":[{"id":861,"href":"https:\/\/friedensquelle.org\/cms\/index.php\/wp-json\/wp\/v2\/pages\/442\/revisions\/861"}],"wp:attachment":[{"href":"https:\/\/friedensquelle.org\/cms\/index.php\/wp-json\/wp\/v2\/media?parent=442"}],"curies":[{"name":"wp","href":"https:\/\/api.w.org\/{rel}","templated":true}]}}