{"id":220,"date":"2022-08-07T10:34:27","date_gmt":"2022-08-07T08:34:27","guid":{"rendered":"https:\/\/friedensquelle.org\/cms\/?page_id=220"},"modified":"2025-04-08T10:29:43","modified_gmt":"2025-04-08T08:29:43","slug":"monatlicher-rundbrief","status":"publish","type":"page","link":"https:\/\/friedensquelle.org\/cms\/index.php\/monatlicher-rundbrief\/","title":{"rendered":"Pers\u00f6nlicher Austausch"},"content":{"rendered":"\n<p>Wer mich kennt, wei\u00df, dass ich pers\u00f6nlichen Austausch \u00fcber Themen wie unter anderem Achtsame &amp; Wertsch\u00e4tzende Sprache, Gesundheit, Spiritualit\u00e4t liebe. Wenn Du also Fragen hast, mehr \u00fcber mein Wirken erfahren willst oder Dich f\u00fcr eine Zusammenarbeit mit mir interessierst, melde Dich gerne bei mir unter +49 (0) 172 667 35 04 oder&nbsp;info@friedensquelle.org.<\/p>\n\n\n\n<p>Petra Maria Aldinger-Seifried<br><br><strong>P.S.: <\/strong><br>Kennst Du schon den YouTube-Kanal der Friedensquelle? Hier findest Du neben Meditationen auch meinen Videokurs zum Thema &#8222;Die Kraft der achtsamen Sprache&#8220;: <a href=\"https:\/\/www.youtube.com\/@friedensquelle\" data-type=\"URL\" data-id=\"https:\/\/www.youtube.com\/@friedensquelle\" target=\"_blank\" rel=\"noreferrer noopener\">www.youtube.com\/@friedensquelle<\/a><\/p>\n\n\n\n<p><\/p>\n","protected":false},"excerpt":{"rendered":"<p>Wer mich kennt, wei\u00df, dass ich pers\u00f6nlichen Austausch \u00fcber Themen wie unter anderem Achtsame &amp; Wertsch\u00e4tzende Sprache, Gesundheit, Spiritualit\u00e4t liebe. Wenn Du also Fragen hast, mehr \u00fcber mein Wirken erfahren willst oder Dich f\u00fcr eine Zusammenarbeit mit mir interessierst, melde Dich gerne bei mir unter +49 (0) 172 667 35 04 oder&nbsp;info@friedensquelle.org. Petra Maria Aldinger-Seifried [&hellip;]<\/p>\n","protected":false},"author":1,"featured_media":0,"parent":0,"menu_order":13,"comment_status":"closed","ping_status":"closed","template":"","meta":{"footnotes":""},"class_list":["post-220","page","type-page","status-publish","hentry","post"],"_links":{"self":[{"href":"https:\/\/friedensquelle.org\/cms\/index.php\/wp-json\/wp\/v2\/pages\/220","targetHints":{"allow":["GET"]}}],"collection":[{"href":"https:\/\/friedensquelle.org\/cms\/index.php\/wp-json\/wp\/v2\/pages"}],"about":[{"href":"https:\/\/friedensquelle.org\/cms\/index.php\/wp-json\/wp\/v2\/types\/page"}],"author":[{"embeddable":true,"href":"https:\/\/friedensquelle.org\/cms\/index.php\/wp-json\/wp\/v2\/users\/1"}],"replies":[{"embeddable":true,"href":"https:\/\/friedensquelle.org\/cms\/index.php\/wp-json\/wp\/v2\/comments?post=220"}],"version-history":[{"count":11,"href":"https:\/\/friedensquelle.org\/cms\/index.php\/wp-json\/wp\/v2\/pages\/220\/revisions"}],"predecessor-version":[{"id":868,"href":"https:\/\/friedensquelle.org\/cms\/index.php\/wp-json\/wp\/v2\/pages\/220\/revisions\/868"}],"wp:attachment":[{"href":"https:\/\/friedensquelle.org\/cms\/index.php\/wp-json\/wp\/v2\/media?parent=220"}],"curies":[{"name":"wp","href":"https:\/\/api.w.org\/{rel}","templated":true}]}}