{"id":209,"date":"2022-08-06T18:17:48","date_gmt":"2022-08-06T16:17:48","guid":{"rendered":"https:\/\/friedensquelle.org\/cms\/?page_id=209"},"modified":"2023-10-04T09:27:36","modified_gmt":"2023-10-04T07:27:36","slug":"referenzen-2","status":"publish","type":"page","link":"https:\/\/friedensquelle.org\/cms\/index.php\/referenzen-2\/","title":{"rendered":"Meine Referenzen"},"content":{"rendered":"\n<p>Hier eine Auswahl an Kundenstimmen:<\/p>\n\n\n\n<hr class=\"wp-block-separator has-alpha-channel-opacity\"\/>\n\n\n\n<p>Die Trennung von meinem langj\u00e4hrigen Lebenspartner, der Tod&nbsp;meiner&nbsp;vertrautesten und l\u00e4ngsten Freundin und letztlich noch der Tod meiner Mutter.&nbsp;<\/p>\n\n\n\n<p>Ich wusste im Jahr&nbsp;2019 zeitweise&nbsp;wirklich&nbsp;nicht mehr, wie ich \u201eauf nat\u00fcrliche Weise\u201c&nbsp;(z.B.&nbsp;ohne Medikamente), aus diesem Gef\u00fchlschaos heraus- und&nbsp;wieder&nbsp;in meine Balance&nbsp;kommen sollte!&nbsp;<\/p>\n\n\n\n<p>2019 war\u00a0das\u00a0emotional\u00a0schwierigstes\u00a0Jahr\u00a0in meinem Leben.<\/p>\n\n\n\n<p>Maria hat mich\u00a0durch ihr\u00a0individuelles, kompetentes\u00a0Coaching,\u00a0pers\u00f6nlich und sogar l\u00e4ngere Zeit telefonisch\u00a0(!)\u00a0-mit ihrem umfangreichen\u00a0Wissen und\u00a0gro\u00dfen Einf\u00fchlungsverm\u00f6gen,\u00a0wunderbar\u00a0und wirklich heilsam-\u00a0durch diese schwierige\u00a0Zeit,\u00a0aufbauend und\u00a0erfolgreich begleitet!<\/p>\n\n\n\n<p>Ob durch ihr fundamentiertes Wissen um&nbsp;die Wirkung der achtsamen&nbsp;Sprache&nbsp;und&nbsp;somit auch&nbsp;der&nbsp;wichtigen,&nbsp;eigenen Gedankenkontrolle&nbsp;oder&nbsp;durch ihre energetische Heilarbeit!<\/p>\n\n\n\n<p>F\u00fcr mich&nbsp;pers\u00f6nlich,&nbsp;war vor allem auch ihre erdverbundene&nbsp;(!)&nbsp;Spiritualit\u00e4t&nbsp;und das so wichtige St\u00e4rken&nbsp;meines&nbsp;eigenen&nbsp;Urvertrauens&nbsp;sehr motivierend und&nbsp;unterst\u00fctzend&nbsp;heilend!<\/p>\n\n\n\n<p>Nochmals ein herzliches Dankesch\u00f6n!<\/p>\n\n\n\n<p>Heidi<\/p>\n\n\n\n<hr class=\"wp-block-separator has-alpha-channel-opacity\"\/>\n\n\n\n<p>Nach einem schweren Schicksalsschlag, bei dem ich nicht weiterwusste, hat Petra Maria mich mit Ihrer liebevollen Art einf\u00fchlsam unterst\u00fctzt. Ihre Arbeit als energetische Heilerin und auch diverse Meditationsabende haben mir geholfen, diese schwere Phase bewusst zu durchleben und wieder positiv nach vorne zu blicken.<\/p>\n\n\n\n<p>Herzlichen Dank daf\u00fcr!<\/p>\n\n\n\n<p>Claudia<br><br>&nbsp;<\/p>\n\n\n\n<hr class=\"wp-block-separator has-alpha-channel-opacity\"\/>\n\n\n\n<p>Ich bin Petra Maria sehr dankbar f\u00fcr ihre Hilfe und Unterst\u00fctzung.<\/p>\n\n\n\n<p>Mein Freund und ich haben bereits mehrere Jahre versucht, dass ich schwanger werde. Auch die \u00c4rzte glaubten nicht mehr daran, dass ich auf nat\u00fcrlichem Weg schwanger werde. Sie rieten mir zu einer k\u00fcnstlichen Befruchtung.<\/p>\n\n\n\n<p>Mit der energetischen Behandlung von Petra Maria, dem f\u00fcr mich von ihr ausgew\u00e4hlten Gebet, welches ich 21 Tage t\u00e4glich wiederholte und nat\u00fcrlich der Kraft von oben, wurde ich nach ca. einem dreiviertel Jahr unerwartet schwanger. Sie schaffte es, die Blockade in meinem Kopf zu l\u00f6sen.<\/p>\n\n\n\n<p>Ich bin gl\u00fccklich, dass ich diesen Weg gefunden habe. Und gemeinsam mit meinem Glauben wurde ich mit meiner Schwangerschaft reich belohnt.<\/p>\n\n\n\n<p>Svenja<\/p>\n","protected":false},"excerpt":{"rendered":"<p>Hier eine Auswahl an Kundenstimmen: Die Trennung von meinem langj\u00e4hrigen Lebenspartner, der Tod&nbsp;meiner&nbsp;vertrautesten und l\u00e4ngsten Freundin und letztlich noch der Tod meiner Mutter.&nbsp; Ich wusste im Jahr&nbsp;2019 zeitweise&nbsp;wirklich&nbsp;nicht mehr, wie ich \u201eauf nat\u00fcrliche Weise\u201c&nbsp;(z.B.&nbsp;ohne Medikamente), aus diesem Gef\u00fchlschaos heraus- und&nbsp;wieder&nbsp;in meine Balance&nbsp;kommen sollte!&nbsp; 2019 war\u00a0das\u00a0emotional\u00a0schwierigstes\u00a0Jahr\u00a0in meinem Leben. Maria hat mich\u00a0durch ihr\u00a0individuelles, kompetentes\u00a0Coaching,\u00a0pers\u00f6nlich und sogar l\u00e4ngere [&hellip;]<\/p>\n","protected":false},"author":1,"featured_media":0,"parent":0,"menu_order":7,"comment_status":"closed","ping_status":"closed","template":"","meta":{"footnotes":""},"class_list":["post-209","page","type-page","status-publish","hentry","post"],"_links":{"self":[{"href":"https:\/\/friedensquelle.org\/cms\/index.php\/wp-json\/wp\/v2\/pages\/209","targetHints":{"allow":["GET"]}}],"collection":[{"href":"https:\/\/friedensquelle.org\/cms\/index.php\/wp-json\/wp\/v2\/pages"}],"about":[{"href":"https:\/\/friedensquelle.org\/cms\/index.php\/wp-json\/wp\/v2\/types\/page"}],"author":[{"embeddable":true,"href":"https:\/\/friedensquelle.org\/cms\/index.php\/wp-json\/wp\/v2\/users\/1"}],"replies":[{"embeddable":true,"href":"https:\/\/friedensquelle.org\/cms\/index.php\/wp-json\/wp\/v2\/comments?post=209"}],"version-history":[{"count":4,"href":"https:\/\/friedensquelle.org\/cms\/index.php\/wp-json\/wp\/v2\/pages\/209\/revisions"}],"predecessor-version":[{"id":774,"href":"https:\/\/friedensquelle.org\/cms\/index.php\/wp-json\/wp\/v2\/pages\/209\/revisions\/774"}],"wp:attachment":[{"href":"https:\/\/friedensquelle.org\/cms\/index.php\/wp-json\/wp\/v2\/media?parent=209"}],"curies":[{"name":"wp","href":"https:\/\/api.w.org\/{rel}","templated":true}]}}