{"id":193,"date":"2022-08-06T18:13:58","date_gmt":"2022-08-06T16:13:58","guid":{"rendered":"https:\/\/friedensquelle.org\/cms\/?page_id=193"},"modified":"2025-04-08T10:28:21","modified_gmt":"2025-04-08T08:28:21","slug":"coaching","status":"publish","type":"page","link":"https:\/\/friedensquelle.org\/cms\/index.php\/coaching\/","title":{"rendered":"Coaching"},"content":{"rendered":"\n<p>f\u00fcr die pers\u00f6nliche und berufliche Entwicklung:<\/p>\n\n\n\n<ul class=\"wp-block-list\">\n<li>emotionale Entlastung und Stressbew\u00e4ltigung<\/li>\n\n\n\n<li>F\u00e4higkeit der Selbstreflektion<\/li>\n\n\n\n<li>\u00dcbernahme von Verantwortung und Selbstorganisation<\/li>\n\n\n\n<li>Positive Lebenseinstellung und Lebensfreude<\/li>\n<\/ul>\n\n\n\n<p>Bei Interesse an einer Zusammenarbeit melde Dich gerne unter Mobil +49 (0) 172 667 35 04 oder\u00a0info@friedensquelle.org.<br><br>Petra Maria Aldinger-Seifried<\/p>\n\n\n\n<hr class=\"wp-block-separator has-alpha-channel-opacity\"\/>\n\n\n\n<p><strong>Was sind die h\u00e4ufigsten Fragen zu Coaching?<\/strong><\/p>\n\n\n\n<p>Was ist Coaching?<\/p>\n\n\n\n<p>Coaching ist eine Beratungsmethode. Im Coachinggespr\u00e4ch werden private und berufliche Ziele entwickelt und begleitet. Es werden gemeinsam Anregungen zur Selbstreflektion und \u00dcberwindung von evtl. Konflikten herausgearbeitet und L\u00f6sungswege aufgezeigt. Der Coach verwendet als kritischer Beobachter und Gespr\u00e4chspartner geeignete Methoden, die zielorientiert dem jeweiligen Thema angepasst werden.<\/p>\n\n\n\n<p>Was kann Coaching leisten?<\/p>\n\n\n\n<p>Coaching dient der emotionalen Entlastung und der Stressbew\u00e4ltigung.<br>Coaching erh\u00f6ht die F\u00e4higkeit der Selbstreflektion.<br>Coaching trainiert die Motivation, die \u00dcbernahme von Verantwortung im eigenen Leben und die Selbstorganisation.<br>Coaching dient dem Aufstellen und Erreichen pers\u00f6nlicher Ziele.<br>Ebenso dient Coaching dem Erreichen einer positiven Lebenseinstellung und Lebensfreude.<\/p>\n\n\n\n<p>Was kann Coaching nicht leisten?<\/p>\n\n\n\n<p>Coaching ist keine Anwendung im \u00e4rztlichen-, psycho- oder physiotherapeutischen Sinne. Ich bin weder Arzt noch Heilpraktiker und ich gebe keine Heilversprechen. Coaching ersetzt keine \u00e4rztlich verordneten Medikamente oder Therapien.<\/p>\n\n\n\n<p>Bei Interesse an einer Zusammenarbeit melde Dich gerne unter Mobil +49 (0) 172 667 35 04 oder&nbsp;info@friedensquelle.org.<\/p>\n","protected":false},"excerpt":{"rendered":"<p>f\u00fcr die pers\u00f6nliche und berufliche Entwicklung: Bei Interesse an einer Zusammenarbeit melde Dich gerne unter Mobil +49 (0) 172 667 35 04 oder\u00a0info@friedensquelle.org. Petra Maria Aldinger-Seifried Was sind die h\u00e4ufigsten Fragen zu Coaching? Was ist Coaching? Coaching ist eine Beratungsmethode. Im Coachinggespr\u00e4ch werden private und berufliche Ziele entwickelt und begleitet. Es werden gemeinsam Anregungen zur [&hellip;]<\/p>\n","protected":false},"author":1,"featured_media":0,"parent":0,"menu_order":9,"comment_status":"closed","ping_status":"closed","template":"","meta":{"footnotes":""},"class_list":["post-193","page","type-page","status-publish","hentry","post"],"_links":{"self":[{"href":"https:\/\/friedensquelle.org\/cms\/index.php\/wp-json\/wp\/v2\/pages\/193","targetHints":{"allow":["GET"]}}],"collection":[{"href":"https:\/\/friedensquelle.org\/cms\/index.php\/wp-json\/wp\/v2\/pages"}],"about":[{"href":"https:\/\/friedensquelle.org\/cms\/index.php\/wp-json\/wp\/v2\/types\/page"}],"author":[{"embeddable":true,"href":"https:\/\/friedensquelle.org\/cms\/index.php\/wp-json\/wp\/v2\/users\/1"}],"replies":[{"embeddable":true,"href":"https:\/\/friedensquelle.org\/cms\/index.php\/wp-json\/wp\/v2\/comments?post=193"}],"version-history":[{"count":7,"href":"https:\/\/friedensquelle.org\/cms\/index.php\/wp-json\/wp\/v2\/pages\/193\/revisions"}],"predecessor-version":[{"id":864,"href":"https:\/\/friedensquelle.org\/cms\/index.php\/wp-json\/wp\/v2\/pages\/193\/revisions\/864"}],"wp:attachment":[{"href":"https:\/\/friedensquelle.org\/cms\/index.php\/wp-json\/wp\/v2\/media?parent=193"}],"curies":[{"name":"wp","href":"https:\/\/api.w.org\/{rel}","templated":true}]}}