{"id":190,"date":"2022-08-06T18:12:47","date_gmt":"2022-08-06T16:12:47","guid":{"rendered":"https:\/\/friedensquelle.org\/cms\/?page_id=190"},"modified":"2025-04-08T10:27:54","modified_gmt":"2025-04-08T08:27:54","slug":"sprechcoaching","status":"publish","type":"page","link":"https:\/\/friedensquelle.org\/cms\/index.php\/sprechcoaching\/","title":{"rendered":"Sprechcoaching"},"content":{"rendered":"\n<p>f\u00fcr eine bewusste, friedvolle und wertsch\u00e4tzemde Sprache:<\/p>\n\n\n\n<ul class=\"wp-block-list\">\n<li>Du erkennst alte abgespeicherte, belastende W\u00f6rter<\/li>\n\n\n\n<li>Du \u00e4u\u00dferst Dich klar und Deine Botschaften kommen an<\/li>\n\n\n\n<li>Du gewinnst an Freizeit und verwirklichst Deine Ziele<\/li>\n\n\n\n<li>Du versp\u00fcrst Leichtigkeit und Freude an Deinem Leben<\/li>\n<\/ul>\n\n\n\n<p>Ich, Petra Maria Aldinger-Seifried werde Dich in vereinbarten Terminen in Deine eigene, wertvolle und friedvolle Sprache nach LINGVA ETERNA<sup>\u00ae<\/sup> f\u00fchren.<\/p>\n\n\n\n<p>Viele Menschen sprechen so, wie sie es in Ihrer Kindheit, in Ihrem Umfeld gelernt haben. Sie bemerken oftmals gar nicht, wie Sie mit Ihren Sprachgewohnheiten das eigene Leben beschweren. In diesen Sprachgewohnheiten k\u00f6nnen sich diverse Muster unbewusst eingeschlichen haben, die Sie daran hindern, dass Sie selbstbewusst, friedvoll und wertsch\u00e4tzend mit anderen Menschen Kommunizieren und kraftvoll ihren eigenen Weg gehen.<\/p>\n\n\n\n<p>Eine klare, wertsch\u00e4tzende Sprache ist hilfreich f\u00fcr die eigene Entwicklung, f\u00f6rdert das Selbstbewusstsein und den Selbstwert. Du wirst k\u00fcnftig eine kraftvolle Ausstrahlung haben und von Deinem Gespr\u00e4chspartner ernst genommen werden. Deine Botschaft kommt bei dem Gespr\u00e4chspartner gut an. Du wirst Deine Ziele leichter erreichen und Deine Zeit besser einteilen k\u00f6nnen. Du wirst wieder Freude am Leben finden und mehr Freir\u00e4ume haben. Auch wirst Du den Mut haben, unangenehme Themen anzusprechen und dabei frei werden.<\/p>\n\n\n\n<p>Wir werden gemeinsam diese Sprachgewohnheiten in Gespr\u00e4chen aufsp\u00fcren, ihnen eine neue Form geben und die neu gewonnenen Erkenntnisse gemeinsam \u00fcben.<\/p>\n\n\n\n<p>Du wirst die Wirkung schon nach kurzer Zeit in Deinem Alltag, in der Kommunikation bei Dir selbst und mit anderen Menschen bemerken. Oftmals sind es die kleinen Dinge, die eine gro\u00dfe Wirkung haben.<\/p>\n\n\n\n<p>Es wird Dir gro\u00dfe Freude bereiten, die \u201eNeue Sprache\u201c in Deine Familie, Deine Partnerschaft, im Gesch\u00e4ftsleben und in Deinem Freundeskreis anzuwenden.<\/p>\n\n\n\n<p>Der Beitrag f\u00fcr diese individuelle Sitzung betr\u00e4gt pro Stunde Euro 50,&#8211;.<\/p>\n\n\n\n<p>Ich bitte Dich um eine Terminvereinbarung unter mobil +49 (0) 172 667 35 04 oder <a href=\"mailto:info@friedensquelle.org\">info@friedensquelle.org<\/a><\/p>\n\n\n\n<p>Petra Maria Aldinger-Seifried<br><br><mark style=\"background-color:rgba(0, 0, 0, 0)\" class=\"has-inline-color has-vivid-cyan-blue-color\">>>Hier<\/mark> geht es zu meiner Videoserie zum Thema &#8222;Die Kraft der achtsamen Sprache&#8220;<\/p>\n","protected":false},"excerpt":{"rendered":"<p>f\u00fcr eine bewusste, friedvolle und wertsch\u00e4tzemde Sprache: Ich, Petra Maria Aldinger-Seifried werde Dich in vereinbarten Terminen in Deine eigene, wertvolle und friedvolle Sprache nach LINGVA ETERNA\u00ae f\u00fchren. Viele Menschen sprechen so, wie sie es in Ihrer Kindheit, in Ihrem Umfeld gelernt haben. Sie bemerken oftmals gar nicht, wie Sie mit Ihren Sprachgewohnheiten das eigene Leben [&hellip;]<\/p>\n","protected":false},"author":1,"featured_media":0,"parent":0,"menu_order":8,"comment_status":"closed","ping_status":"closed","template":"","meta":{"footnotes":""},"class_list":["post-190","page","type-page","status-publish","hentry","post"],"_links":{"self":[{"href":"https:\/\/friedensquelle.org\/cms\/index.php\/wp-json\/wp\/v2\/pages\/190","targetHints":{"allow":["GET"]}}],"collection":[{"href":"https:\/\/friedensquelle.org\/cms\/index.php\/wp-json\/wp\/v2\/pages"}],"about":[{"href":"https:\/\/friedensquelle.org\/cms\/index.php\/wp-json\/wp\/v2\/types\/page"}],"author":[{"embeddable":true,"href":"https:\/\/friedensquelle.org\/cms\/index.php\/wp-json\/wp\/v2\/users\/1"}],"replies":[{"embeddable":true,"href":"https:\/\/friedensquelle.org\/cms\/index.php\/wp-json\/wp\/v2\/comments?post=190"}],"version-history":[{"count":10,"href":"https:\/\/friedensquelle.org\/cms\/index.php\/wp-json\/wp\/v2\/pages\/190\/revisions"}],"predecessor-version":[{"id":863,"href":"https:\/\/friedensquelle.org\/cms\/index.php\/wp-json\/wp\/v2\/pages\/190\/revisions\/863"}],"wp:attachment":[{"href":"https:\/\/friedensquelle.org\/cms\/index.php\/wp-json\/wp\/v2\/media?parent=190"}],"curies":[{"name":"wp","href":"https:\/\/api.w.org\/{rel}","templated":true}]}}