{"id":16,"date":"2022-07-24T11:33:47","date_gmt":"2022-07-24T11:33:47","guid":{"rendered":"https:\/\/friedensquelle.org\/cms\/?page_id=16"},"modified":"2025-04-08T10:25:49","modified_gmt":"2025-04-08T08:25:49","slug":"blog","status":"publish","type":"page","link":"https:\/\/friedensquelle.org\/cms\/","title":{"rendered":"Home"},"content":{"rendered":"\n<h2 class=\"wp-block-heading\">Willkommen in der Friedensquelle<\/h2>\n\n\n\n<figure class=\"wp-block-image size-large is-resized\"><img loading=\"lazy\" decoding=\"async\" width=\"1024\" height=\"1024\" src=\"https:\/\/friedensquelle.org\/cms\/wp-content\/uploads\/2023\/05\/Friedensquelle_Maria-Seifried_Portrait-2_rund_heller_Mai-2023-1024x1024.png\" alt=\"\" class=\"wp-image-674\" style=\"width:261px;height:261px\" srcset=\"https:\/\/friedensquelle.org\/cms\/wp-content\/uploads\/2023\/05\/Friedensquelle_Maria-Seifried_Portrait-2_rund_heller_Mai-2023-1024x1024.png 1024w, https:\/\/friedensquelle.org\/cms\/wp-content\/uploads\/2023\/05\/Friedensquelle_Maria-Seifried_Portrait-2_rund_heller_Mai-2023-300x300.png 300w, https:\/\/friedensquelle.org\/cms\/wp-content\/uploads\/2023\/05\/Friedensquelle_Maria-Seifried_Portrait-2_rund_heller_Mai-2023-150x150.png 150w, https:\/\/friedensquelle.org\/cms\/wp-content\/uploads\/2023\/05\/Friedensquelle_Maria-Seifried_Portrait-2_rund_heller_Mai-2023-768x768.png 768w, https:\/\/friedensquelle.org\/cms\/wp-content\/uploads\/2023\/05\/Friedensquelle_Maria-Seifried_Portrait-2_rund_heller_Mai-2023-1536x1536.png 1536w, https:\/\/friedensquelle.org\/cms\/wp-content\/uploads\/2023\/05\/Friedensquelle_Maria-Seifried_Portrait-2_rund_heller_Mai-2023-2048x2048.png 2048w\" sizes=\"auto, (max-width: 1024px) 100vw, 1024px\" \/><\/figure>\n\n\n\n<p><em>&#8222;Der Frieden der Welt beginnt bei mir selbst.&#8220; <\/em><br><br>Diese Worte des Dalai Lamas begleiten mein Wirken als Lebensberaterin, Sprachdozentin und Coach f\u00fcr eine bewusste und wertsch\u00e4tzende Sprache. <br><br>Mein Name ist <strong>Petra Maria Aldinger-Seifried<\/strong>. Ich bin die Gr\u00fcnderin der<strong> Friedensquelle<\/strong> im Herzen von Frankfurt am Main. Schon seit vielen Jahren begleite ich Menschen erfolgreich dabei ihr Leben und ihre Zukunft mit Freude zu gestalten. Bei meinem ganzheitlichen Ansatz spielen unter anderem die achtsame Sprache, Meditation und Energiearbeit eine wichtige Rolle.<\/p>\n\n\n\n<p>Hast Du das Gef\u00fchl, es muss sich bei Dir etwas \u00e4ndern&#8230;<\/p>\n\n\n\n<p>Du sp\u00fcrst, dass es so wie bisher nicht weiter gehen kann&#8230;<\/p>\n\n\n\n<p>Du brauchst einen Impuls&#8230;<\/p>\n\n\n\n<p>Du brauchst jemanden, der Dir Mut macht und Dich ermutigt einen neuen Weg zu gehen.<\/p>\n\n\n\n<p>Melde Dich gerne bei mir.<\/p>\n\n\n\n<p>Petra Maria<\/p>\n\n\n\n<p><\/p>\n\n\n\n<p class=\"has-text-align-center\"><strong>Gebet des Franziskus<\/strong><\/p>\n\n\n\n<p class=\"has-text-align-center\"><em>Herr, mach mich zu einem Werkzeug deines Friedens,<br>dass ich liebe, wo man hasst;<br>dass ich verzeihe, wo man beleidigt;<br>dass ich verbinde, wo Streit ist;<br>dass ich die Wahrheit sage, wo Irrtum ist;<br>dass ich Glauben bringe, wo Zweifel droht;<br>dass ich Hoffnung wecke, wo Verzweiflung qu\u00e4lt;<br>dass ich Licht entz\u00fcnde, wo Finsternis regiert;<br>dass ich Freude bringe, wo der Kummer wohnt.<\/em><\/p>\n\n\n\n<p class=\"has-text-align-center\"><em>Herr, lass mich trachten,<br>nicht, dass ich getr\u00f6stet werde, sondern dass ich tr\u00f6ste;<br>nicht, dass ich verstanden werde, sondern dass ich verstehe;<br>nicht, dass ich geliebt werde, sondern dass ich liebe.<\/em><\/p>\n\n\n\n<p class=\"has-text-align-center\"><em>Denn wer sich hingibt, der empf\u00e4ngt;<br>wer sich selbst vergisst, der findet;<br>wer verzeiht, dem wird verziehen;<br>und wer stirbt, der erwacht zum ewigen Leben.<\/em><\/p>\n\n\n\n<p><\/p>\n\n\n\n<p><br>In dem folgenden Video (3:28 Min.) erf\u00e4hrst Du mehr \u00fcber mich und mein Wirken. <\/p>\n\n\n<div class=\"lyte-wrapper\" title=\"Willkommen in der Friedensquelle von Maria Seifried\" style=\"width:853px;max-width:100%;margin:5px;\"><div class=\"lyMe hidef\" id=\"WYL_NN2lZN_oeBg\"><div id=\"lyte_NN2lZN_oeBg\" data-src=\"https:\/\/friedensquelle.org\/cms\/wp-content\/plugins\/wp-youtube-lyte\/lyteCache.php?origThumbUrl=https%3A%2F%2Fi.ytimg.com%2Fvi%2FNN2lZN_oeBg%2Fmaxresdefault.jpg\" class=\"pL\"><div class=\"tC\"><div class=\"tT\">Willkommen in der Friedensquelle von Maria Seifried<\/div><\/div><div class=\"play\"><\/div><div class=\"ctrl\"><div class=\"Lctrl\"><\/div><div class=\"Rctrl\"><\/div><\/div><\/div><noscript><a href=\"https:\/\/youtu.be\/NN2lZN_oeBg\" rel=\"nofollow\"><img loading=\"lazy\" decoding=\"async\" src=\"https:\/\/friedensquelle.org\/cms\/wp-content\/plugins\/wp-youtube-lyte\/lyteCache.php?origThumbUrl=https%3A%2F%2Fi.ytimg.com%2Fvi%2FNN2lZN_oeBg%2F0.jpg\" alt=\"Willkommen in der Friedensquelle von Maria Seifried\" width=\"853\" height=\"460\" \/><\/a><\/noscript><\/div><\/div><div class=\"lL\" style=\"max-width:100%;width:853px;margin:5px;\"> <a href=\"https:\/\/youtu.be\/NN2lZN_oeBg\" target=\"_blank\">Dieses Video auf YouTube ansehen<\/a>.<\/div><\/p>\n\n\n<p>F\u00fcr aktuelle Nachrichten aus der Friedensquelle, siehe <a href=\"https:\/\/friedensquelle.org\/cms\/index.php\/news\/\">News<\/a>.<\/p>\n","protected":false},"excerpt":{"rendered":"<p>Willkommen in der Friedensquelle &#8222;Der Frieden der Welt beginnt bei mir selbst.&#8220; Diese Worte des Dalai Lamas begleiten mein Wirken als Lebensberaterin, Sprachdozentin und Coach f\u00fcr eine bewusste und wertsch\u00e4tzende Sprache. Mein Name ist Petra Maria Aldinger-Seifried. Ich bin die Gr\u00fcnderin der Friedensquelle im Herzen von Frankfurt am Main. Schon seit vielen Jahren begleite ich [&hellip;]<\/p>\n","protected":false},"author":1,"featured_media":0,"parent":0,"menu_order":1,"comment_status":"closed","ping_status":"closed","template":"","meta":{"footnotes":""},"class_list":["post-16","page","type-page","status-publish","hentry","post"],"_links":{"self":[{"href":"https:\/\/friedensquelle.org\/cms\/index.php\/wp-json\/wp\/v2\/pages\/16","targetHints":{"allow":["GET"]}}],"collection":[{"href":"https:\/\/friedensquelle.org\/cms\/index.php\/wp-json\/wp\/v2\/pages"}],"about":[{"href":"https:\/\/friedensquelle.org\/cms\/index.php\/wp-json\/wp\/v2\/types\/page"}],"author":[{"embeddable":true,"href":"https:\/\/friedensquelle.org\/cms\/index.php\/wp-json\/wp\/v2\/users\/1"}],"replies":[{"embeddable":true,"href":"https:\/\/friedensquelle.org\/cms\/index.php\/wp-json\/wp\/v2\/comments?post=16"}],"version-history":[{"count":39,"href":"https:\/\/friedensquelle.org\/cms\/index.php\/wp-json\/wp\/v2\/pages\/16\/revisions"}],"predecessor-version":[{"id":859,"href":"https:\/\/friedensquelle.org\/cms\/index.php\/wp-json\/wp\/v2\/pages\/16\/revisions\/859"}],"wp:attachment":[{"href":"https:\/\/friedensquelle.org\/cms\/index.php\/wp-json\/wp\/v2\/media?parent=16"}],"curies":[{"name":"wp","href":"https:\/\/api.w.org\/{rel}","templated":true}]}}