{"id":152,"date":"2022-08-06T17:24:59","date_gmt":"2022-08-06T15:24:59","guid":{"rendered":"https:\/\/friedensquelle.org\/cms\/?page_id=152"},"modified":"2025-05-26T08:40:31","modified_gmt":"2025-05-26T06:40:31","slug":"buecher","status":"publish","type":"page","link":"https:\/\/friedensquelle.org\/cms\/index.php\/buecher\/","title":{"rendered":"B\u00fccher"},"content":{"rendered":"\n<p><br><strong>Vom Schein ins Sein<\/strong><br><br>Vielen Menschen ist noch nicht bewusst, dass wir alle eine Chance haben, jederzeit unsere Wahl f\u00fcr unser Leben und unsere Situation bewusst neu zu w\u00e4hlen. Viele sind auf der Suche nach dem Sinn des Lebens. Vielen Menschen ist noch nicht bewusst, dass wir alle Sch\u00f6pfer und Sch\u00f6pferinnen unseres eigenen Weges sind und einen sehr kraftvollen Geist haben.<\/p>\n\n\n\n<p>Es liegt an uns, ob wir weiter in Abh\u00e4ngigkeiten und Opferrollen bleiben oder aufwachen und selbstbewusst unser Leben neugestalten wollen. Nur in unserem Inneren, in der Stille, werden wir die F\u00fchrung, die Erf\u00fcllung und den Frieden finden. In diesem B\u00fcchlein finden sie ein paar Anregungen und Wegweisungen zum Ausprobieren. Beginnen auch sie, Ihr Leben friedvoll und selbstbewusst neu auszurichten. Alles beginnt bei jedem Einzelnen von uns. Stufe f\u00fcr Stufe werden uns neue Erfahrungen und Erkenntnisse geschenkt.<\/p>\n\n\n\n<p>Gehen muss sie jeder f\u00fcr sich.<\/p>\n\n\n\n<div class=\"lyte-wrapper\" title=\"Buchgespr&auml;ch &bdquo;Vom Schein ins Sein&ldquo; - Impulse f&uuml;r ein Leben in Liebe, Klarheit &amp;amp; innerer Freiheit\" style=\"width:853px;max-width:100%;margin:5px;\"><div class=\"lyMe hidef\" id=\"WYL_ouakMzJ8R-Y\"><div id=\"lyte_ouakMzJ8R-Y\" data-src=\"https:\/\/friedensquelle.org\/cms\/wp-content\/plugins\/wp-youtube-lyte\/lyteCache.php?origThumbUrl=https%3A%2F%2Fi.ytimg.com%2Fvi%2FouakMzJ8R-Y%2Fmaxresdefault.jpg\" class=\"pL\"><div class=\"tC\"><div class=\"tT\">Buchgespr\u00e4ch \u201eVom Schein ins Sein\u201c - Impulse f\u00fcr ein Leben in Liebe, Klarheit &amp; innerer Freiheit<\/div><\/div><div class=\"play\"><\/div><div class=\"ctrl\"><div class=\"Lctrl\"><\/div><div class=\"Rctrl\"><\/div><\/div><\/div><noscript><a href=\"https:\/\/youtu.be\/ouakMzJ8R-Y\" rel=\"nofollow\"><img loading=\"lazy\" decoding=\"async\" src=\"https:\/\/friedensquelle.org\/cms\/wp-content\/plugins\/wp-youtube-lyte\/lyteCache.php?origThumbUrl=https%3A%2F%2Fi.ytimg.com%2Fvi%2FouakMzJ8R-Y%2F0.jpg\" alt=\"Buchgespr&auml;ch &bdquo;Vom Schein ins Sein&ldquo; - Impulse f&uuml;r ein Leben in Liebe, Klarheit &amp;amp; innerer Freiheit\" width=\"853\" height=\"460\" \/><\/a><\/noscript><\/div><\/div><div class=\"lL\" style=\"max-width:100%;width:853px;margin:5px;\"> <a href=\"https:\/\/youtu.be\/ouakMzJ8R-Y\" target=\"_blank\">Dieses Video auf YouTube ansehen<\/a>.<\/div><br><\/p>\n\n\n\n<div data-wp-interactive=\"core\/file\" class=\"wp-block-file\"><object data-wp-bind--hidden=\"!state.hasPdfPreview\" hidden class=\"wp-block-file__embed\" data=\"https:\/\/friedensquelle.org\/cms\/wp-content\/uploads\/2025\/04\/Buchprojekt_MSeifried_A4_9.pdf\" type=\"application\/pdf\" style=\"width:100%;height:600px\" aria-label=\"Einbettung von Buchprojekt_MSeifried_A4_9.\"><\/object><a id=\"wp-block-file--media-64e2b6a0-3121-4fe3-aa24-2514d60dffdc\" href=\"https:\/\/friedensquelle.org\/cms\/wp-content\/uploads\/2025\/04\/Buchprojekt_MSeifried_A4_9.pdf\">Buchprojekt_MSeifried_A4_9<\/a><a href=\"https:\/\/friedensquelle.org\/cms\/wp-content\/uploads\/2025\/04\/Buchprojekt_MSeifried_A4_9.pdf\" class=\"wp-block-file__button wp-element-button\" download aria-describedby=\"wp-block-file--media-64e2b6a0-3121-4fe3-aa24-2514d60dffdc\">Herunterladen<\/a><\/div>\n\n\n\n<p><\/p>\n\n\n\n<p>Weitere B\u00fccher von mir gibt es auf der <a href=\"https:\/\/aikaverlag.de\/cms\/index.php\/buecher-und-cds\/\" target=\"_blank\" rel=\"noreferrer noopener\">Webseite des Aika-Verlages<\/a>.<\/p>\n\n\n\n<p><br><strong>P.S.: <\/strong><br>Kennst Du schon den YouTube-Kanal der Friedensquelle? Hier findest Du neben Meditationen auch meinen Videokurs zum Thema &#8222;Die Kraft der achtsamen Sprache&#8220;: <a href=\"https:\/\/www.youtube.com\/@friedensquelle\" data-type=\"URL\" data-id=\"https:\/\/www.youtube.com\/@friedensquelle\" target=\"_blank\" rel=\"noreferrer noopener\">www.youtube.com\/@friedensquelle<\/a><\/p>\n\n\n\n<p><\/p>\n","protected":false},"excerpt":{"rendered":"<p>Vom Schein ins Sein Vielen Menschen ist noch nicht bewusst, dass wir alle eine Chance haben, jederzeit unsere Wahl f\u00fcr unser Leben und unsere Situation bewusst neu zu w\u00e4hlen. Viele sind auf der Suche nach dem Sinn des Lebens. Vielen Menschen ist noch nicht bewusst, dass wir alle Sch\u00f6pfer und Sch\u00f6pferinnen unseres eigenen Weges sind [&hellip;]<\/p>\n","protected":false},"author":1,"featured_media":0,"parent":0,"menu_order":16,"comment_status":"closed","ping_status":"closed","template":"","meta":{"footnotes":""},"class_list":["post-152","page","type-page","status-publish","hentry","post"],"_links":{"self":[{"href":"https:\/\/friedensquelle.org\/cms\/index.php\/wp-json\/wp\/v2\/pages\/152","targetHints":{"allow":["GET"]}}],"collection":[{"href":"https:\/\/friedensquelle.org\/cms\/index.php\/wp-json\/wp\/v2\/pages"}],"about":[{"href":"https:\/\/friedensquelle.org\/cms\/index.php\/wp-json\/wp\/v2\/types\/page"}],"author":[{"embeddable":true,"href":"https:\/\/friedensquelle.org\/cms\/index.php\/wp-json\/wp\/v2\/users\/1"}],"replies":[{"embeddable":true,"href":"https:\/\/friedensquelle.org\/cms\/index.php\/wp-json\/wp\/v2\/comments?post=152"}],"version-history":[{"count":23,"href":"https:\/\/friedensquelle.org\/cms\/index.php\/wp-json\/wp\/v2\/pages\/152\/revisions"}],"predecessor-version":[{"id":883,"href":"https:\/\/friedensquelle.org\/cms\/index.php\/wp-json\/wp\/v2\/pages\/152\/revisions\/883"}],"wp:attachment":[{"href":"https:\/\/friedensquelle.org\/cms\/index.php\/wp-json\/wp\/v2\/media?parent=152"}],"curies":[{"name":"wp","href":"https:\/\/api.w.org\/{rel}","templated":true}]}}